{"id":9148,"date":"2021-07-30T16:02:48","date_gmt":"2022-01-20T06:45:22","guid":{"rendered":"https:\/\/goprint.fi\/product\/the-design-of-your-publication\/"},"modified":"2024-05-16T18:01:04","modified_gmt":"2024-05-16T15:01:04","slug":"the-design-of-your-publication","status":"publish","type":"product","link":"https:\/\/goprint.fi\/fi\/tuote\/the-design-of-your-publication\/","title":{"rendered":"Painotuotteesi muotoilu"},"content":{"rendered":"<p>[et_pb_section fb_built=&#8221;1&#8243; _builder_version=&#8221;4.16&#8243; custom_padding=&#8221;0px||||false|false&#8221; global_colors_info=&#8221;{}&#8221;][et_pb_row disabled_on=&#8221;on|off|off&#8221; _builder_version=&#8221;4.16&#8243; _module_preset=&#8221;default&#8221; background_image=&#8221;https:\/\/goprint.fi\/wp-content\/uploads\/2021\/07\/design-header___.jpg&#8221; custom_margin=&#8221;35px||35px||false|false&#8221; custom_padding=&#8221;69px||69px|55px|true|false&#8221; border_radii=&#8221;on|25px|25px|25px|25px&#8221; box_shadow_style=&#8221;preset3&#8243; box_shadow_vertical=&#8221;1px&#8221; global_colors_info=&#8221;{}&#8221;][et_pb_column type=&#8221;4_4&#8243; _builder_version=&#8221;4.16&#8243; _module_preset=&#8221;default&#8221; global_colors_info=&#8221;{}&#8221;][et_pb_text _builder_version=&#8221;4.20.4&#8243; _module_preset=&#8221;default&#8221; header_2_font=&#8221;|700|||||||&#8221; header_2_text_color=&#8221;#FFFFFF&#8221; header_2_font_size=&#8221;60px&#8221; width=&#8221;90%&#8221; custom_margin=&#8221;||0px||false|false&#8221; custom_padding=&#8221;0px|||||&#8221; global_colors_info=&#8221;{}&#8221;]<\/p>\n<h2><span style=\"color: #ffffff;\">&#8220;Kukaan ei voi vastusta kauneutta&#8221;<\/span><\/h2>\n<p>[\/et_pb_text][et_pb_text _builder_version=&#8221;4.20.4&#8243; _module_preset=&#8221;default&#8221; text_text_color=&#8221;#FFFFFF&#8221; text_font_size=&#8221;15px&#8221; text_orientation=&#8221;right&#8221; width=&#8221;62%&#8221; global_colors_info=&#8221;{}&#8221;]<\/p>\n<p>~ Hyv\u00e4 muotoilu osoittaa, ett\u00e4 todella v\u00e4lit\u00e4t yrityksest\u00e4si ja painotuloksesta.<\/p>\n<p>[\/et_pb_text][\/et_pb_column][\/et_pb_row][et_pb_row _builder_version=&#8221;4.16&#8243; background_size=&#8221;initial&#8221; background_position=&#8221;top_left&#8221; background_repeat=&#8221;repeat&#8221; custom_padding=&#8221;0px||0px||false|false&#8221; global_colors_info=&#8221;{}&#8221;][et_pb_column type=&#8221;4_4&#8243; _builder_version=&#8221;4.16&#8243; custom_padding=&#8221;|||&#8221; global_colors_info=&#8221;{}&#8221; custom_padding__hover=&#8221;|||&#8221;][et_pb_wc_breadcrumb _builder_version=&#8221;4.16&#8243; global_colors_info=&#8221;{}&#8221;][\/et_pb_wc_breadcrumb][et_pb_wc_cart_notice _builder_version=&#8221;4.16&#8243; global_colors_info=&#8221;{}&#8221;][\/et_pb_wc_cart_notice][\/et_pb_column][\/et_pb_row][et_pb_row column_structure=&#8221;2_5,3_5&#8243; _builder_version=&#8221;4.16&#8243; background_size=&#8221;initial&#8221; background_position=&#8221;top_left&#8221; background_repeat=&#8221;repeat&#8221; custom_margin=&#8221;35px||||false|false&#8221; custom_padding=&#8221;0px||||false|false&#8221; global_colors_info=&#8221;{}&#8221;][et_pb_column type=&#8221;2_5&#8243; _builder_version=&#8221;4.16&#8243; custom_padding=&#8221;|||&#8221; global_colors_info=&#8221;{}&#8221; custom_padding__hover=&#8221;|||&#8221;][et_pb_wc_images _builder_version=&#8221;4.16&#8243; global_colors_info=&#8221;{}&#8221;][\/et_pb_wc_images][\/et_pb_column][et_pb_column type=&#8221;3_5&#8243; _builder_version=&#8221;4.16&#8243; custom_padding=&#8221;|||&#8221; global_colors_info=&#8221;{}&#8221; custom_padding__hover=&#8221;|||&#8221;][et_pb_wc_title _builder_version=&#8221;4.16&#8243; global_colors_info=&#8221;{}&#8221;][\/et_pb_wc_title][et_pb_wc_description _builder_version=&#8221;4.16&#8243; global_colors_info=&#8221;{}&#8221;][\/et_pb_wc_description][et_pb_wc_meta _builder_version=&#8221;4.20.4&#8243; global_colors_info=&#8221;{}&#8221;][\/et_pb_wc_meta][\/et_pb_column][\/et_pb_row][\/et_pb_section][et_pb_section fb_built=&#8221;1&#8243; disabled_on=&#8221;on|on|on&#8221; _builder_version=&#8221;4.16&#8243; _module_preset=&#8221;default&#8221; disabled=&#8221;on&#8221; global_colors_info=&#8221;{}&#8221;][et_pb_row _builder_version=&#8221;4.16&#8243; custom_padding=&#8221;0px||35px||false|&#8221; global_colors_info=&#8221;{}&#8221;][et_pb_column type=&#8221;4_4&#8243; _builder_version=&#8221;4.16&#8243; custom_padding=&#8221;|||&#8221; global_colors_info=&#8221;{}&#8221; custom_padding__hover=&#8221;|||&#8221;][et_pb_text _builder_version=&#8221;4.16&#8243; _module_preset=&#8221;default&#8221; header_3_font=&#8221;|700||on|||||&#8221; header_3_text_color=&#8221;#ef4c00&#8243; custom_margin=&#8221;||-1px|||&#8221; global_colors_info=&#8221;{}&#8221;]<\/p>\n<h3>OUR PRINT WORK<\/h3>\n<p>[\/et_pb_text][\/et_pb_column][\/et_pb_row][et_pb_row column_structure=&#8221;1_3,1_3,1_3&#8243; use_custom_gutter=&#8221;on&#8221; gutter_width=&#8221;1&#8243; _builder_version=&#8221;4.16&#8243; _module_preset=&#8221;default&#8221; custom_padding=&#8221;0px||0px|||&#8221; global_colors_info=&#8221;{}&#8221;][et_pb_column type=&#8221;1_3&#8243; _builder_version=&#8221;4.16&#8243; _module_preset=&#8221;default&#8221; global_colors_info=&#8221;{}&#8221;][et_pb_image src=&#8221;https:\/\/goprint.fi\/wp-content\/uploads\/2021\/02\/Image-39.png&#8221; title_text=&#8221;Image 39&#8243; force_fullwidth=&#8221;on&#8221; _builder_version=&#8221;4.16&#8243; _module_preset=&#8221;default&#8221; global_colors_info=&#8221;{}&#8221;][\/et_pb_image][\/et_pb_column][et_pb_column type=&#8221;1_3&#8243; _builder_version=&#8221;4.16&#8243; _module_preset=&#8221;default&#8221; global_colors_info=&#8221;{}&#8221;][et_pb_image src=&#8221;https:\/\/goprint.fi\/wp-content\/uploads\/2021\/02\/Image-39.png&#8221; title_text=&#8221;Image 39&#8243; force_fullwidth=&#8221;on&#8221; _builder_version=&#8221;4.16&#8243; _module_preset=&#8221;default&#8221; global_colors_info=&#8221;{}&#8221;][\/et_pb_image][\/et_pb_column][et_pb_column type=&#8221;1_3&#8243; _builder_version=&#8221;4.16&#8243; _module_preset=&#8221;default&#8221; global_colors_info=&#8221;{}&#8221;][et_pb_image src=&#8221;https:\/\/goprint.fi\/wp-content\/uploads\/2021\/02\/Image-39.png&#8221; title_text=&#8221;Image 39&#8243; force_fullwidth=&#8221;on&#8221; _builder_version=&#8221;4.16&#8243; _module_preset=&#8221;default&#8221; global_colors_info=&#8221;{}&#8221;][\/et_pb_image][\/et_pb_column][\/et_pb_row][et_pb_row column_structure=&#8221;1_2,1_2&#8243; use_custom_gutter=&#8221;on&#8221; gutter_width=&#8221;1&#8243; make_equal=&#8221;on&#8221; _builder_version=&#8221;4.16&#8243; _module_preset=&#8221;default&#8221; custom_padding=&#8221;0px||0px|||&#8221; global_colors_info=&#8221;{}&#8221;][et_pb_column type=&#8221;1_2&#8243; _builder_version=&#8221;4.16&#8243; _module_preset=&#8221;default&#8221; global_colors_info=&#8221;{}&#8221;][et_pb_image src=&#8221;https:\/\/goprint.fi\/wp-content\/uploads\/2021\/02\/Image-39.png&#8221; title_text=&#8221;Image 39&#8243; force_fullwidth=&#8221;on&#8221; _builder_version=&#8221;4.16&#8243; _module_preset=&#8221;default&#8221; global_colors_info=&#8221;{}&#8221;][\/et_pb_image][\/et_pb_column][et_pb_column type=&#8221;1_2&#8243; _builder_version=&#8221;4.16&#8243; _module_preset=&#8221;default&#8221; global_colors_info=&#8221;{}&#8221;][et_pb_image src=&#8221;https:\/\/goprint.fi\/wp-content\/uploads\/2021\/02\/Image-39.png&#8221; title_text=&#8221;Image 39&#8243; force_fullwidth=&#8221;on&#8221; _builder_version=&#8221;4.16&#8243; _module_preset=&#8221;default&#8221; global_colors_info=&#8221;{}&#8221;][\/et_pb_image][\/et_pb_column][\/et_pb_row][\/et_pb_section][et_pb_section fb_built=&#8221;1&#8243; _builder_version=&#8221;4.16&#8243; _module_preset=&#8221;default&#8221; background_image=&#8221;https:\/\/goprint.fi\/wp-content\/uploads\/2021\/07\/print_products_banner____.jpg&#8221; background_last_edited=&#8221;on|phone&#8221; background_image_phone=&#8221;https:\/\/goprint.fi\/wp-content\/uploads\/2021\/07\/bg1.png&#8221; background_enable_image_phone=&#8221;on&#8221; global_colors_info=&#8221;{}&#8221;][et_pb_row column_structure=&#8221;2_3,1_3&#8243; _builder_version=&#8221;4.16&#8243; _module_preset=&#8221;default&#8221; global_colors_info=&#8221;{}&#8221;][et_pb_column type=&#8221;2_3&#8243; _builder_version=&#8221;4.16&#8243; _module_preset=&#8221;default&#8221; global_colors_info=&#8221;{}&#8221;][\/et_pb_column][et_pb_column type=&#8221;1_3&#8243; _builder_version=&#8221;4.16&#8243; _module_preset=&#8221;default&#8221; global_colors_info=&#8221;{}&#8221;][et_pb_text _builder_version=&#8221;4.20.4&#8243; _module_preset=&#8221;default&#8221; link_font=&#8221;|||on|||||&#8221; link_text_color=&#8221;#ef4b00&#8243; header_4_font=&#8221;|600||on|||||&#8221; header_4_text_align=&#8221;left&#8221; header_4_text_color=&#8221;#ef4c00&#8243; header_4_font_size=&#8221;20px&#8221; header_4_line_height=&#8221;1.2em&#8221; global_colors_info=&#8221;{}&#8221;]<\/p>\n<h4>TILAA PAINOTUOTTEET KAHDELLA HIIREN NAPSAUTUKSELLA.<\/h4>\n<p>Erilaiset painotuotteet k\u00e4yntikorteista ja flyereista alkaen aina Roll-up -telineisiin asti sinun painotarpeittesi t\u00e4ytt\u00e4miseen.<br \/>Laadukas painatus, erilaiset koot ja paperityypit antavat meille mahdollisuuden tarjota joustavia ratkaisuja juuri sinun tavaramerkillesi ja yrityksellesi.<br \/>.<\/p>\n<p><a href=\"https:\/\/goprint.fi\/wp-content\/uploads\/2021\/06\/right-arrow.svg\"><img loading=\"lazy\" decoding=\"async\" class=\"wp-image-3071 alignnone \" src=\"https:\/\/goprint.fi\/wp-content\/uploads\/2021\/06\/right-arrow.svg\" alt=\"\" width=\"13\" height=\"13\" \/><\/a> <a href=\"https:\/\/goprint.fi\/fi\/shop\/\">Hae tuotteita<\/a><\/p>\n<p>[\/et_pb_text][\/et_pb_column][\/et_pb_row][\/et_pb_section]<\/p>\n","protected":false},"excerpt":{"rendered":"<p>T\u00e4ydenn\u00e4 painotuotettasi yksil\u00f6llisell\u00e4 muotoilulla ja konseptiolla. Yhdist\u00e4 toiveesi ja meid\u00e4n ammattilaiskokemuksemme, niin saavutat loistavan painotuloksen. Jos sinulla ei ole omaa painotiedostoa, me voimme valmistaa sen. Valitse haluamasi tuote ja kerro meille, millainen muotoilutyyli sinulle sopisi.<\/p>\n","protected":false},"featured_media":8397,"comment_status":"closed","ping_status":"closed","template":"","meta":{"_et_pb_use_builder":"on","_et_pb_old_content":"","_et_gb_content_width":"","inline_featured_image":false},"product_brand":[],"product_cat":[818],"product_tag":[],"class_list":{"0":"post-9148","1":"product","2":"type-product","3":"status-publish","4":"has-post-thumbnail","6":"product_cat-design-services-fi","8":"first","9":"instock","10":"featured","11":"taxable","12":"shipping-taxable","13":"purchasable","14":"product-type-variable"},"yoast_head":"<!-- This site is optimized with the Yoast SEO plugin v24.7 - https:\/\/yoast.com\/wordpress\/plugins\/seo\/ -->\n<title>Painotuotteesi muotoilu - GoPrint<\/title>\n<meta name=\"robots\" content=\"noindex, follow, max-snippet:-1, max-image-preview:large, max-video-preview:-1\" \/>\n<meta property=\"og:locale\" content=\"fi_FI\" \/>\n<meta property=\"og:type\" content=\"article\" \/>\n<meta property=\"og:title\" content=\"Painotuotteesi muotoilu - GoPrint\" \/>\n<meta property=\"og:description\" content=\"T\u00e4ydenn\u00e4 painotuotettasi yksil\u00f6llisell\u00e4 muotoilulla ja konseptiolla. Yhdist\u00e4 toiveesi ja meid\u00e4n ammattilaiskokemuksemme, niin saavutat loistavan painotuloksen. Jos sinulla ei ole omaa painotiedostoa, me voimme valmistaa sen. Valitse haluamasi tuote ja kerro meille, millainen muotoilutyyli sinulle sopisi.\" \/>\n<meta property=\"og:url\" content=\"https:\/\/goprint.fi\/fi\/tuote\/the-design-of-your-publication\/\" \/>\n<meta property=\"og:site_name\" content=\"GoPrint\" \/>\n<meta property=\"article:modified_time\" content=\"2024-05-16T15:01:04+00:00\" \/>\n<meta property=\"og:image\" content=\"https:\/\/goprint.fi\/wp-content\/uploads\/2021\/05\/design.jpg\" \/>\n\t<meta property=\"og:image:width\" content=\"920\" \/>\n\t<meta property=\"og:image:height\" content=\"591\" \/>\n\t<meta property=\"og:image:type\" content=\"image\/jpeg\" \/>\n<meta name=\"twitter:card\" content=\"summary_large_image\" \/>\n<meta name=\"twitter:label1\" content=\"Arvioitu lukuaika\" \/>\n\t<meta name=\"twitter:data1\" content=\"2 minuuttia\" \/>\n<script type=\"application\/ld+json\" class=\"yoast-schema-graph\">{\"@context\":\"https:\/\/schema.org\",\"@graph\":[{\"@type\":\"WebPage\",\"@id\":\"https:\/\/goprint.fi\/fi\/tuote\/the-design-of-your-publication\/\",\"url\":\"https:\/\/goprint.fi\/fi\/tuote\/the-design-of-your-publication\/\",\"name\":\"Painotuotteesi muotoilu - GoPrint\",\"isPartOf\":{\"@id\":\"https:\/\/goprint.fi\/#website\"},\"primaryImageOfPage\":{\"@id\":\"https:\/\/goprint.fi\/fi\/tuote\/the-design-of-your-publication\/#primaryimage\"},\"image\":{\"@id\":\"https:\/\/goprint.fi\/fi\/tuote\/the-design-of-your-publication\/#primaryimage\"},\"thumbnailUrl\":\"https:\/\/goprint.fi\/wp-content\/uploads\/2021\/05\/design.jpg\",\"datePublished\":\"2022-01-20T06:45:22+00:00\",\"dateModified\":\"2024-05-16T15:01:04+00:00\",\"breadcrumb\":{\"@id\":\"https:\/\/goprint.fi\/fi\/tuote\/the-design-of-your-publication\/#breadcrumb\"},\"inLanguage\":\"fi\",\"potentialAction\":[{\"@type\":\"ReadAction\",\"target\":[\"https:\/\/goprint.fi\/fi\/tuote\/the-design-of-your-publication\/\"]}]},{\"@type\":\"ImageObject\",\"inLanguage\":\"fi\",\"@id\":\"https:\/\/goprint.fi\/fi\/tuote\/the-design-of-your-publication\/#primaryimage\",\"url\":\"https:\/\/goprint.fi\/wp-content\/uploads\/2021\/05\/design.jpg\",\"contentUrl\":\"https:\/\/goprint.fi\/wp-content\/uploads\/2021\/05\/design.jpg\",\"width\":920,\"height\":591},{\"@type\":\"BreadcrumbList\",\"@id\":\"https:\/\/goprint.fi\/fi\/tuote\/the-design-of-your-publication\/#breadcrumb\",\"itemListElement\":[{\"@type\":\"ListItem\",\"position\":1,\"name\":\"Home\",\"item\":\"https:\/\/goprint.fi\/\"},{\"@type\":\"ListItem\",\"position\":2,\"name\":\"Print\",\"item\":\"https:\/\/goprint.fi\/fi\/shop\/\"},{\"@type\":\"ListItem\",\"position\":3,\"name\":\"Painotuotteesi muotoilu\"}]},{\"@type\":\"WebSite\",\"@id\":\"https:\/\/goprint.fi\/#website\",\"url\":\"https:\/\/goprint.fi\/\",\"name\":\"GoPrint\",\"description\":\"Arvutage ja tellige prinditeenused otse veebist\",\"potentialAction\":[{\"@type\":\"SearchAction\",\"target\":{\"@type\":\"EntryPoint\",\"urlTemplate\":\"https:\/\/goprint.fi\/?s={search_term_string}\"},\"query-input\":{\"@type\":\"PropertyValueSpecification\",\"valueRequired\":true,\"valueName\":\"search_term_string\"}}],\"inLanguage\":\"fi\"}]}<\/script>\n<!-- \/ Yoast SEO plugin. -->","yoast_head_json":{"title":"Painotuotteesi muotoilu - GoPrint","robots":{"index":"noindex","follow":"follow","max-snippet":"max-snippet:-1","max-image-preview":"max-image-preview:large","max-video-preview":"max-video-preview:-1"},"og_locale":"fi_FI","og_type":"article","og_title":"Painotuotteesi muotoilu - GoPrint","og_description":"T\u00e4ydenn\u00e4 painotuotettasi yksil\u00f6llisell\u00e4 muotoilulla ja konseptiolla. Yhdist\u00e4 toiveesi ja meid\u00e4n ammattilaiskokemuksemme, niin saavutat loistavan painotuloksen. Jos sinulla ei ole omaa painotiedostoa, me voimme valmistaa sen. Valitse haluamasi tuote ja kerro meille, millainen muotoilutyyli sinulle sopisi.","og_url":"https:\/\/goprint.fi\/fi\/tuote\/the-design-of-your-publication\/","og_site_name":"GoPrint","article_modified_time":"2024-05-16T15:01:04+00:00","og_image":[{"width":920,"height":591,"url":"https:\/\/goprint.fi\/wp-content\/uploads\/2021\/05\/design.jpg","type":"image\/jpeg"}],"twitter_card":"summary_large_image","twitter_misc":{"Arvioitu lukuaika":"2 minuuttia"},"schema":{"@context":"https:\/\/schema.org","@graph":[{"@type":"WebPage","@id":"https:\/\/goprint.fi\/fi\/tuote\/the-design-of-your-publication\/","url":"https:\/\/goprint.fi\/fi\/tuote\/the-design-of-your-publication\/","name":"Painotuotteesi muotoilu - GoPrint","isPartOf":{"@id":"https:\/\/goprint.fi\/#website"},"primaryImageOfPage":{"@id":"https:\/\/goprint.fi\/fi\/tuote\/the-design-of-your-publication\/#primaryimage"},"image":{"@id":"https:\/\/goprint.fi\/fi\/tuote\/the-design-of-your-publication\/#primaryimage"},"thumbnailUrl":"https:\/\/goprint.fi\/wp-content\/uploads\/2021\/05\/design.jpg","datePublished":"2022-01-20T06:45:22+00:00","dateModified":"2024-05-16T15:01:04+00:00","breadcrumb":{"@id":"https:\/\/goprint.fi\/fi\/tuote\/the-design-of-your-publication\/#breadcrumb"},"inLanguage":"fi","potentialAction":[{"@type":"ReadAction","target":["https:\/\/goprint.fi\/fi\/tuote\/the-design-of-your-publication\/"]}]},{"@type":"ImageObject","inLanguage":"fi","@id":"https:\/\/goprint.fi\/fi\/tuote\/the-design-of-your-publication\/#primaryimage","url":"https:\/\/goprint.fi\/wp-content\/uploads\/2021\/05\/design.jpg","contentUrl":"https:\/\/goprint.fi\/wp-content\/uploads\/2021\/05\/design.jpg","width":920,"height":591},{"@type":"BreadcrumbList","@id":"https:\/\/goprint.fi\/fi\/tuote\/the-design-of-your-publication\/#breadcrumb","itemListElement":[{"@type":"ListItem","position":1,"name":"Home","item":"https:\/\/goprint.fi\/"},{"@type":"ListItem","position":2,"name":"Print","item":"https:\/\/goprint.fi\/fi\/shop\/"},{"@type":"ListItem","position":3,"name":"Painotuotteesi muotoilu"}]},{"@type":"WebSite","@id":"https:\/\/goprint.fi\/#website","url":"https:\/\/goprint.fi\/","name":"GoPrint","description":"Arvutage ja tellige prinditeenused otse veebist","potentialAction":[{"@type":"SearchAction","target":{"@type":"EntryPoint","urlTemplate":"https:\/\/goprint.fi\/?s={search_term_string}"},"query-input":{"@type":"PropertyValueSpecification","valueRequired":true,"valueName":"search_term_string"}}],"inLanguage":"fi"}]}},"_links":{"self":[{"href":"https:\/\/goprint.fi\/fi\/wp-json\/wp\/v2\/product\/9148","targetHints":{"allow":["GET"]}}],"collection":[{"href":"https:\/\/goprint.fi\/fi\/wp-json\/wp\/v2\/product"}],"about":[{"href":"https:\/\/goprint.fi\/fi\/wp-json\/wp\/v2\/types\/product"}],"replies":[{"embeddable":true,"href":"https:\/\/goprint.fi\/fi\/wp-json\/wp\/v2\/comments?post=9148"}],"wp:featuredmedia":[{"embeddable":true,"href":"https:\/\/goprint.fi\/fi\/wp-json\/wp\/v2\/media\/8397"}],"wp:attachment":[{"href":"https:\/\/goprint.fi\/fi\/wp-json\/wp\/v2\/media?parent=9148"}],"wp:term":[{"taxonomy":"product_brand","embeddable":true,"href":"https:\/\/goprint.fi\/fi\/wp-json\/wp\/v2\/product_brand?post=9148"},{"taxonomy":"product_cat","embeddable":true,"href":"https:\/\/goprint.fi\/fi\/wp-json\/wp\/v2\/product_cat?post=9148"},{"taxonomy":"product_tag","embeddable":true,"href":"https:\/\/goprint.fi\/fi\/wp-json\/wp\/v2\/product_tag?post=9148"}],"curies":[{"name":"wp","href":"https:\/\/api.w.org\/{rel}","templated":true}]}}