{"id":9009,"date":"2021-07-30T16:08:30","date_gmt":"2022-04-08T09:00:34","guid":{"rendered":"https:\/\/goprint.fi\/product\/brochures\/"},"modified":"2024-05-16T17:56:19","modified_gmt":"2024-05-16T14:56:19","slug":"brochures","status":"publish","type":"product","link":"https:\/\/goprint.fi\/fi\/tuote\/brochures\/","title":{"rendered":"Taitetut esitteet"},"content":{"rendered":"<p>[et_pb_section fb_built=&#8221;1&#8243; _builder_version=&#8221;4.16&#8243; custom_padding=&#8221;0px||||false|false&#8221; global_colors_info=&#8221;{}&#8221;][et_pb_row disabled_on=&#8221;on|off|off&#8221; _builder_version=&#8221;4.16&#8243; _module_preset=&#8221;default&#8221; background_image=&#8221;https:\/\/goprint.fi\/wp-content\/uploads\/2021\/07\/print_products_header.jpg&#8221; custom_margin=&#8221;35px||35px||false|false&#8221; custom_padding=&#8221;70px||70px|55px|true|false&#8221; border_radii=&#8221;on|25px|25px|25px|25px&#8221; box_shadow_style=&#8221;preset3&#8243; box_shadow_vertical=&#8221;1px&#8221; global_colors_info=&#8221;{}&#8221;][et_pb_column type=&#8221;4_4&#8243; _builder_version=&#8221;4.16&#8243; _module_preset=&#8221;default&#8221; global_colors_info=&#8221;{}&#8221;][et_pb_text _builder_version=&#8221;4.20.4&#8243; _module_preset=&#8221;default&#8221; header_2_font=&#8221;|700|||||||&#8221; header_2_text_color=&#8221;#FFFFFF&#8221; header_2_font_size=&#8221;60px&#8221; width=&#8221;90%&#8221; custom_margin=&#8221;||0px||false|false&#8221; global_colors_info=&#8221;{}&#8221;]<\/p>\n<h2>&#8220;Taitettu esite \u2013 esittele tuotteitasi ja palveluitasi kivasti!&#8221;<\/h2>\n<p>[\/et_pb_text][et_pb_text _builder_version=&#8221;4.20.4&#8243; _module_preset=&#8221;default&#8221; text_text_color=&#8221;#FFFFFF&#8221; text_font_size=&#8221;15px&#8221; text_orientation=&#8221;right&#8221; width=&#8221;60%&#8221; global_colors_info=&#8221;{}&#8221;]<\/p>\n<p>~ Taitettu esite sopii loistavasti tiedon jakamiseen ja yrityksesi taustan esittelemiseen.<\/p>\n<p>[\/et_pb_text][\/et_pb_column][\/et_pb_row][et_pb_row _builder_version=&#8221;4.16&#8243; background_size=&#8221;initial&#8221; background_position=&#8221;top_left&#8221; background_repeat=&#8221;repeat&#8221; custom_padding=&#8221;0px||0px||false|false&#8221; global_colors_info=&#8221;{}&#8221;][et_pb_column type=&#8221;4_4&#8243; _builder_version=&#8221;4.16&#8243; custom_padding=&#8221;|||&#8221; global_colors_info=&#8221;{}&#8221; custom_padding__hover=&#8221;|||&#8221;][et_pb_wc_breadcrumb _builder_version=&#8221;4.16&#8243; global_colors_info=&#8221;{}&#8221;][\/et_pb_wc_breadcrumb][et_pb_wc_cart_notice _builder_version=&#8221;4.16&#8243; global_colors_info=&#8221;{}&#8221;][\/et_pb_wc_cart_notice][\/et_pb_column][\/et_pb_row][et_pb_row column_structure=&#8221;2_5,3_5&#8243; _builder_version=&#8221;4.16&#8243; background_size=&#8221;initial&#8221; background_position=&#8221;top_left&#8221; background_repeat=&#8221;repeat&#8221; global_colors_info=&#8221;{}&#8221;][et_pb_column type=&#8221;2_5&#8243; _builder_version=&#8221;4.16&#8243; custom_padding=&#8221;|||&#8221; global_colors_info=&#8221;{}&#8221; custom_padding__hover=&#8221;|||&#8221;][et_pb_wc_images _builder_version=&#8221;4.16&#8243; global_colors_info=&#8221;{}&#8221;][\/et_pb_wc_images][\/et_pb_column][et_pb_column type=&#8221;3_5&#8243; _builder_version=&#8221;4.16&#8243; custom_padding=&#8221;|||&#8221; global_colors_info=&#8221;{}&#8221; custom_padding__hover=&#8221;|||&#8221;][et_pb_wc_title _builder_version=&#8221;4.16&#8243; global_colors_info=&#8221;{}&#8221;][\/et_pb_wc_title][et_pb_wc_description _builder_version=&#8221;4.16&#8243; global_colors_info=&#8221;{}&#8221;][\/et_pb_wc_description][et_pb_wc_meta _builder_version=&#8221;4.16&#8243; global_colors_info=&#8221;{}&#8221;][\/et_pb_wc_meta][\/et_pb_column][\/et_pb_row][\/et_pb_section][et_pb_section fb_built=&#8221;1&#8243; _builder_version=&#8221;4.16&#8243; _module_preset=&#8221;default&#8221; global_colors_info=&#8221;{}&#8221;][et_pb_row _builder_version=&#8221;4.16&#8243; custom_padding=&#8221;0px||35px||false|&#8221; global_colors_info=&#8221;{}&#8221;][et_pb_column type=&#8221;4_4&#8243; _builder_version=&#8221;4.16&#8243; custom_padding=&#8221;|||&#8221; global_colors_info=&#8221;{}&#8221; custom_padding__hover=&#8221;|||&#8221;][et_pb_text _builder_version=&#8221;4.16&#8243; _module_preset=&#8221;default&#8221; header_3_font=&#8221;|700||on|||||&#8221; header_3_text_color=&#8221;#ef4c00&#8243; custom_margin=&#8221;||-1px|||&#8221; global_colors_info=&#8221;{}&#8221;]<\/p>\n<h3>Print portfolio<\/h3>\n<p>[\/et_pb_text][\/et_pb_column][\/et_pb_row][et_pb_row column_structure=&#8221;1_3,1_3,1_3&#8243; use_custom_gutter=&#8221;on&#8221; gutter_width=&#8221;1&#8243; _builder_version=&#8221;4.16&#8243; _module_preset=&#8221;default&#8221; custom_padding=&#8221;0px||0px|||&#8221; global_colors_info=&#8221;{}&#8221;][et_pb_column type=&#8221;1_3&#8243; _builder_version=&#8221;4.16&#8243; _module_preset=&#8221;default&#8221; global_colors_info=&#8221;{}&#8221;][et_pb_image src=&#8221;https:\/\/goprint.fi\/wp-content\/uploads\/2021\/02\/Layer-2-3.jpg&#8221; title_text=&#8221;Layer 2&#8243; force_fullwidth=&#8221;on&#8221; _builder_version=&#8221;4.16&#8243; _module_preset=&#8221;default&#8221; global_colors_info=&#8221;{}&#8221;][\/et_pb_image][\/et_pb_column][et_pb_column type=&#8221;1_3&#8243; _builder_version=&#8221;4.16&#8243; _module_preset=&#8221;default&#8221; global_colors_info=&#8221;{}&#8221;][et_pb_image src=&#8221;https:\/\/goprint.fi\/wp-content\/uploads\/2021\/02\/Layer-3-2.jpg&#8221; title_text=&#8221;Layer 3&#8243; force_fullwidth=&#8221;on&#8221; _builder_version=&#8221;4.16&#8243; _module_preset=&#8221;default&#8221; global_colors_info=&#8221;{}&#8221;][\/et_pb_image][\/et_pb_column][et_pb_column type=&#8221;1_3&#8243; _builder_version=&#8221;4.16&#8243; _module_preset=&#8221;default&#8221; global_colors_info=&#8221;{}&#8221;][et_pb_image src=&#8221;https:\/\/goprint.fi\/wp-content\/uploads\/2021\/02\/Layer-4.jpg&#8221; title_text=&#8221;Layer 4&#8243; force_fullwidth=&#8221;on&#8221; _builder_version=&#8221;4.16&#8243; _module_preset=&#8221;default&#8221; global_colors_info=&#8221;{}&#8221;][\/et_pb_image][\/et_pb_column][\/et_pb_row][et_pb_row column_structure=&#8221;1_2,1_2&#8243; use_custom_gutter=&#8221;on&#8221; gutter_width=&#8221;1&#8243; make_equal=&#8221;on&#8221; disabled_on=&#8221;on|on|on&#8221; _builder_version=&#8221;4.16&#8243; _module_preset=&#8221;default&#8221; custom_padding=&#8221;0px||0px|||&#8221; disabled=&#8221;on&#8221; global_colors_info=&#8221;{}&#8221;][et_pb_column type=&#8221;1_2&#8243; _builder_version=&#8221;4.16&#8243; _module_preset=&#8221;default&#8221; global_colors_info=&#8221;{}&#8221;][et_pb_image src=&#8221;https:\/\/goprint.fi\/wp-content\/uploads\/2021\/02\/Layer-7-3.jpg&#8221; title_text=&#8221;Layer 7&#8243; force_fullwidth=&#8221;on&#8221; _builder_version=&#8221;4.16&#8243; _module_preset=&#8221;default&#8221; global_colors_info=&#8221;{}&#8221;][\/et_pb_image][\/et_pb_column][et_pb_column type=&#8221;1_2&#8243; _builder_version=&#8221;4.16&#8243; _module_preset=&#8221;default&#8221; global_colors_info=&#8221;{}&#8221;][et_pb_image src=&#8221;https:\/\/goprint.fi\/wp-content\/uploads\/2021\/02\/Layer-6-2.jpg&#8221; title_text=&#8221;Layer 6&#8243; force_fullwidth=&#8221;on&#8221; _builder_version=&#8221;4.16&#8243; _module_preset=&#8221;default&#8221; global_colors_info=&#8221;{}&#8221;][\/et_pb_image][\/et_pb_column][\/et_pb_row][\/et_pb_section][et_pb_section fb_built=&#8221;1&#8243; disabled_on=&#8221;on|on|on&#8221; _builder_version=&#8221;4.16&#8243; _module_preset=&#8221;default&#8221; background_image=&#8221;https:\/\/goprint.fi\/wp-content\/uploads\/2021\/02\/Image-39.png&#8221; disabled=&#8221;on&#8221; global_colors_info=&#8221;{}&#8221;][et_pb_row column_structure=&#8221;2_3,1_3&#8243; _builder_version=&#8221;4.16&#8243; _module_preset=&#8221;default&#8221; global_colors_info=&#8221;{}&#8221;][et_pb_column type=&#8221;2_3&#8243; _builder_version=&#8221;4.16&#8243; _module_preset=&#8221;default&#8221; global_colors_info=&#8221;{}&#8221;][\/et_pb_column][et_pb_column type=&#8221;1_3&#8243; _builder_version=&#8221;4.16&#8243; _module_preset=&#8221;default&#8221; global_colors_info=&#8221;{}&#8221;][et_pb_text _builder_version=&#8221;4.16&#8243; _module_preset=&#8221;default&#8221; link_font=&#8221;|||on|||||&#8221; link_text_color=&#8221;#ef4b00&#8243; header_4_font=&#8221;|600||on|||||&#8221; header_4_text_align=&#8221;left&#8221; header_4_text_color=&#8221;#ef4c00&#8243; header_4_font_size=&#8221;20px&#8221; header_4_line_height=&#8221;1.2em&#8221; global_colors_info=&#8221;{}&#8221;]<\/p>\n<h4>Bla bla bla<\/h4>\n<p>Your content goes here. Edit or remove this text inline or in the module Content settings. You can also style every aspect of this content in the module Design settings and even apply custom CSS to this text in the module Advanced settings.<\/p>\n<p><a href=\"\/services\/\"><img loading=\"lazy\" decoding=\"async\" class=\"wp-image-930 alignnone size-full\" src=\"https:\/\/rollupmaster.parallel-ideas.ee\/wp-content\/uploads\/2021\/02\/Group-111.png\" alt=\"\" width=\"32\" height=\"32\" \/> Order your bla bla<\/a><br \/>\n[\/et_pb_text][\/et_pb_column][\/et_pb_row][\/et_pb_section][et_pb_section fb_built=&#8221;1&#8243; _builder_version=&#8221;4.16&#8243; _module_preset=&#8221;default&#8221; background_image=&#8221;https:\/\/goprint.fi\/wp-content\/uploads\/2021\/06\/design___.jpg&#8221; background_position=&#8221;center_right&#8221; custom_padding=&#8221;0px|||||&#8221; background_last_edited=&#8221;on|desktop&#8221; parallax_tablet=&#8221;off&#8221; background_size_phone=&#8221;contain&#8221; background_position_tablet=&#8221;center_right&#8221; background_position_phone=&#8221;bottom_right&#8221; filter_opacity_tablet=&#8221;100%&#8221; filter_opacity_phone=&#8221;&#8221; filter_opacity_last_edited=&#8221;on|desktop&#8221; saved_tabs=&#8221;all&#8221; global_colors_info=&#8221;{}&#8221;][et_pb_row column_structure=&#8221;2_3,1_3&#8243; _builder_version=&#8221;4.16&#8243; _module_preset=&#8221;default&#8221; custom_padding=&#8221;42px|||||&#8221; global_colors_info=&#8221;{}&#8221;][et_pb_column type=&#8221;2_3&#8243; _builder_version=&#8221;4.16&#8243; _module_preset=&#8221;default&#8221; global_colors_info=&#8221;{}&#8221;][\/et_pb_column][et_pb_column type=&#8221;1_3&#8243; _builder_version=&#8221;4.16&#8243; _module_preset=&#8221;default&#8221; global_colors_info=&#8221;{}&#8221;][et_pb_text content_tablet=&#8221;&#8221; content_phone=&#8221;&#8221; content_last_edited=&#8221;on|phone&#8221; _builder_version=&#8221;4.20.4&#8243; _module_preset=&#8221;default&#8221; link_font=&#8221;|||on|||||&#8221; link_text_color=&#8221;#000000&#8243; header_4_font=&#8221;|600||on|||||&#8221; header_4_text_align=&#8221;left&#8221; header_4_text_color=&#8221;#FFFFFF&#8221; header_4_font_size=&#8221;20px&#8221; header_4_line_height=&#8221;1.2em&#8221; width=&#8221;%2213%22&#8243; height=&#8221;%2213%22&#8243; global_colors_info=&#8221;{}&#8221;]<\/p>\n<h4><span style=\"color: #ff6600;\">YKSIL\u00d6LLINEN MUOTOILU, JOKA SAA PAINOTUOTTEEN S\u00c4TEILEM\u00c4\u00c4N<\/span><\/h4>\n<p><span style=\"color: #ffffff;\">Ammattitaitoiset muotoilijamme luovat ainutlaatuisen muotoilun, joka saa painotuotteesi huomiota her\u00e4tt\u00e4v\u00e4ksi ja nostaa sen esiin.<\/span><\/p>\n<p><a href=\"https:\/\/goprint.fi\/wp-content\/uploads\/2021\/06\/right-arrow.svg\"><img loading=\"lazy\" decoding=\"async\" class=\"wp-image-3071 alignnone \" src=\"https:\/\/goprint.fi\/wp-content\/uploads\/2021\/06\/right-arrow.svg\" alt=\"\" width=\"13\" height=\"13\" \/><\/a> <span style=\"color: #800080;\"><a style=\"color: #800080;\" href=\"https:\/\/goprint.fi\/fi\/tuote\/the-design-of-your-publication\/\">TILAA MUOTOILU<\/a><\/span><\/p>\n<p>[\/et_pb_text][\/et_pb_column][\/et_pb_row][\/et_pb_section]<\/p>\n","protected":false},"excerpt":{"rendered":"<p>Painostudiostamme goprint.ee voit tilata erilaisia taitettuja esitteit\u00e4 palvelusi tai tuotteesi parempaan esittelyyn ja mainontaan. Tarjoamme taitettuja esitteit\u00e4 sek\u00e4 vakio- ett\u00e4 erikoismittaisina. T\u00e4rkeimm\u00e4t vakiomitat ovat \u04106, A5, \u041065 ja \u04104. Samoin voit tilata my\u00f6s taitetun esitteen muotoilun oman makusi ja toiveittesi mukaisesti.<\/p>\n<p>Taitettu esite sopii suurenmoisesti omien tuotteiden ja palveluiden esittelyyn.<\/p>\n","protected":false},"featured_media":8603,"comment_status":"closed","ping_status":"closed","template":"","meta":{"_et_pb_use_builder":"on","_et_pb_old_content":"","_et_gb_content_width":"","inline_featured_image":false},"product_brand":[],"product_cat":[792],"product_tag":[],"class_list":{"0":"post-9009","1":"product","2":"type-product","3":"status-publish","4":"has-post-thumbnail","6":"product_cat-products-fi","8":"first","9":"instock","10":"featured","11":"taxable","12":"shipping-taxable","13":"purchasable","14":"product-type-variable"},"yoast_head":"<!-- This site is optimized with the Yoast SEO plugin v24.7 - https:\/\/yoast.com\/wordpress\/plugins\/seo\/ -->\n<title>Brochure printing in Tallinn goprint.ee.<\/title>\n<meta name=\"description\" content=\"Printing booklets according to your layout or designing in Tallinn when ordering from goprint.ee printing house.\" \/>\n<meta name=\"robots\" content=\"noindex, follow, max-snippet:-1, max-image-preview:large, max-video-preview:-1\" \/>\n<meta property=\"og:locale\" content=\"fi_FI\" \/>\n<meta property=\"og:type\" content=\"article\" \/>\n<meta property=\"og:title\" content=\"Brochure printing in Tallinn goprint.ee.\" \/>\n<meta property=\"og:description\" content=\"Printing booklets according to your layout or designing in Tallinn when ordering from goprint.ee printing house.\" \/>\n<meta property=\"og:url\" content=\"https:\/\/goprint.fi\/fi\/tuote\/brochures\/\" \/>\n<meta property=\"og:site_name\" content=\"GoPrint\" \/>\n<meta property=\"article:modified_time\" content=\"2024-05-16T14:56:19+00:00\" \/>\n<meta property=\"og:image\" content=\"https:\/\/goprint.fi\/wp-content\/uploads\/2021\/05\/goprint_bocklet.jpg\" \/>\n\t<meta property=\"og:image:width\" content=\"527\" \/>\n\t<meta property=\"og:image:height\" content=\"296\" \/>\n\t<meta property=\"og:image:type\" content=\"image\/jpeg\" \/>\n<meta name=\"twitter:card\" content=\"summary_large_image\" \/>\n<meta name=\"twitter:label1\" content=\"Arvioitu lukuaika\" \/>\n\t<meta name=\"twitter:data1\" content=\"2 minuuttia\" \/>\n<script type=\"application\/ld+json\" class=\"yoast-schema-graph\">{\"@context\":\"https:\/\/schema.org\",\"@graph\":[{\"@type\":\"WebPage\",\"@id\":\"https:\/\/goprint.fi\/fi\/tuote\/brochures\/\",\"url\":\"https:\/\/goprint.fi\/fi\/tuote\/brochures\/\",\"name\":\"Brochure printing in Tallinn goprint.ee.\",\"isPartOf\":{\"@id\":\"https:\/\/goprint.fi\/#website\"},\"primaryImageOfPage\":{\"@id\":\"https:\/\/goprint.fi\/fi\/tuote\/brochures\/#primaryimage\"},\"image\":{\"@id\":\"https:\/\/goprint.fi\/fi\/tuote\/brochures\/#primaryimage\"},\"thumbnailUrl\":\"https:\/\/goprint.fi\/wp-content\/uploads\/2021\/05\/goprint_bocklet.jpg\",\"datePublished\":\"2022-04-08T09:00:34+00:00\",\"dateModified\":\"2024-05-16T14:56:19+00:00\",\"description\":\"Printing booklets according to your layout or designing in Tallinn when ordering from goprint.ee printing house.\",\"breadcrumb\":{\"@id\":\"https:\/\/goprint.fi\/fi\/tuote\/brochures\/#breadcrumb\"},\"inLanguage\":\"fi\",\"potentialAction\":[{\"@type\":\"ReadAction\",\"target\":[\"https:\/\/goprint.fi\/fi\/tuote\/brochures\/\"]}]},{\"@type\":\"ImageObject\",\"inLanguage\":\"fi\",\"@id\":\"https:\/\/goprint.fi\/fi\/tuote\/brochures\/#primaryimage\",\"url\":\"https:\/\/goprint.fi\/wp-content\/uploads\/2021\/05\/goprint_bocklet.jpg\",\"contentUrl\":\"https:\/\/goprint.fi\/wp-content\/uploads\/2021\/05\/goprint_bocklet.jpg\",\"width\":527,\"height\":296},{\"@type\":\"BreadcrumbList\",\"@id\":\"https:\/\/goprint.fi\/fi\/tuote\/brochures\/#breadcrumb\",\"itemListElement\":[{\"@type\":\"ListItem\",\"position\":1,\"name\":\"Home\",\"item\":\"https:\/\/goprint.fi\/\"},{\"@type\":\"ListItem\",\"position\":2,\"name\":\"Print\",\"item\":\"https:\/\/goprint.fi\/fi\/shop\/\"},{\"@type\":\"ListItem\",\"position\":3,\"name\":\"Taitetut esitteet\"}]},{\"@type\":\"WebSite\",\"@id\":\"https:\/\/goprint.fi\/#website\",\"url\":\"https:\/\/goprint.fi\/\",\"name\":\"GoPrint\",\"description\":\"Arvutage ja tellige prinditeenused otse veebist\",\"potentialAction\":[{\"@type\":\"SearchAction\",\"target\":{\"@type\":\"EntryPoint\",\"urlTemplate\":\"https:\/\/goprint.fi\/?s={search_term_string}\"},\"query-input\":{\"@type\":\"PropertyValueSpecification\",\"valueRequired\":true,\"valueName\":\"search_term_string\"}}],\"inLanguage\":\"fi\"}]}<\/script>\n<!-- \/ Yoast SEO plugin. -->","yoast_head_json":{"title":"Brochure printing in Tallinn goprint.ee.","description":"Printing booklets according to your layout or designing in Tallinn when ordering from goprint.ee printing house.","robots":{"index":"noindex","follow":"follow","max-snippet":"max-snippet:-1","max-image-preview":"max-image-preview:large","max-video-preview":"max-video-preview:-1"},"og_locale":"fi_FI","og_type":"article","og_title":"Brochure printing in Tallinn goprint.ee.","og_description":"Printing booklets according to your layout or designing in Tallinn when ordering from goprint.ee printing house.","og_url":"https:\/\/goprint.fi\/fi\/tuote\/brochures\/","og_site_name":"GoPrint","article_modified_time":"2024-05-16T14:56:19+00:00","og_image":[{"width":527,"height":296,"url":"https:\/\/goprint.fi\/wp-content\/uploads\/2021\/05\/goprint_bocklet.jpg","type":"image\/jpeg"}],"twitter_card":"summary_large_image","twitter_misc":{"Arvioitu lukuaika":"2 minuuttia"},"schema":{"@context":"https:\/\/schema.org","@graph":[{"@type":"WebPage","@id":"https:\/\/goprint.fi\/fi\/tuote\/brochures\/","url":"https:\/\/goprint.fi\/fi\/tuote\/brochures\/","name":"Brochure printing in Tallinn goprint.ee.","isPartOf":{"@id":"https:\/\/goprint.fi\/#website"},"primaryImageOfPage":{"@id":"https:\/\/goprint.fi\/fi\/tuote\/brochures\/#primaryimage"},"image":{"@id":"https:\/\/goprint.fi\/fi\/tuote\/brochures\/#primaryimage"},"thumbnailUrl":"https:\/\/goprint.fi\/wp-content\/uploads\/2021\/05\/goprint_bocklet.jpg","datePublished":"2022-04-08T09:00:34+00:00","dateModified":"2024-05-16T14:56:19+00:00","description":"Printing booklets according to your layout or designing in Tallinn when ordering from goprint.ee printing house.","breadcrumb":{"@id":"https:\/\/goprint.fi\/fi\/tuote\/brochures\/#breadcrumb"},"inLanguage":"fi","potentialAction":[{"@type":"ReadAction","target":["https:\/\/goprint.fi\/fi\/tuote\/brochures\/"]}]},{"@type":"ImageObject","inLanguage":"fi","@id":"https:\/\/goprint.fi\/fi\/tuote\/brochures\/#primaryimage","url":"https:\/\/goprint.fi\/wp-content\/uploads\/2021\/05\/goprint_bocklet.jpg","contentUrl":"https:\/\/goprint.fi\/wp-content\/uploads\/2021\/05\/goprint_bocklet.jpg","width":527,"height":296},{"@type":"BreadcrumbList","@id":"https:\/\/goprint.fi\/fi\/tuote\/brochures\/#breadcrumb","itemListElement":[{"@type":"ListItem","position":1,"name":"Home","item":"https:\/\/goprint.fi\/"},{"@type":"ListItem","position":2,"name":"Print","item":"https:\/\/goprint.fi\/fi\/shop\/"},{"@type":"ListItem","position":3,"name":"Taitetut esitteet"}]},{"@type":"WebSite","@id":"https:\/\/goprint.fi\/#website","url":"https:\/\/goprint.fi\/","name":"GoPrint","description":"Arvutage ja tellige prinditeenused otse veebist","potentialAction":[{"@type":"SearchAction","target":{"@type":"EntryPoint","urlTemplate":"https:\/\/goprint.fi\/?s={search_term_string}"},"query-input":{"@type":"PropertyValueSpecification","valueRequired":true,"valueName":"search_term_string"}}],"inLanguage":"fi"}]}},"_links":{"self":[{"href":"https:\/\/goprint.fi\/fi\/wp-json\/wp\/v2\/product\/9009","targetHints":{"allow":["GET"]}}],"collection":[{"href":"https:\/\/goprint.fi\/fi\/wp-json\/wp\/v2\/product"}],"about":[{"href":"https:\/\/goprint.fi\/fi\/wp-json\/wp\/v2\/types\/product"}],"replies":[{"embeddable":true,"href":"https:\/\/goprint.fi\/fi\/wp-json\/wp\/v2\/comments?post=9009"}],"wp:featuredmedia":[{"embeddable":true,"href":"https:\/\/goprint.fi\/fi\/wp-json\/wp\/v2\/media\/8603"}],"wp:attachment":[{"href":"https:\/\/goprint.fi\/fi\/wp-json\/wp\/v2\/media?parent=9009"}],"wp:term":[{"taxonomy":"product_brand","embeddable":true,"href":"https:\/\/goprint.fi\/fi\/wp-json\/wp\/v2\/product_brand?post=9009"},{"taxonomy":"product_cat","embeddable":true,"href":"https:\/\/goprint.fi\/fi\/wp-json\/wp\/v2\/product_cat?post=9009"},{"taxonomy":"product_tag","embeddable":true,"href":"https:\/\/goprint.fi\/fi\/wp-json\/wp\/v2\/product_tag?post=9009"}],"curies":[{"name":"wp","href":"https:\/\/api.w.org\/{rel}","templated":true}]}}