{"id":6828,"date":"2021-07-30T16:13:02","date_gmt":"2022-01-30T14:15:50","guid":{"rendered":"https:\/\/goprint.fi\/product\/%d1%84%d0%bb%d0%b0%d0%b5%d1%80%d1%8b\/"},"modified":"2023-11-01T13:39:19","modified_gmt":"2023-11-01T10:39:19","slug":"leaflets","status":"publish","type":"product","link":"https:\/\/goprint.fi\/fi\/product\/leaflets\/","title":{"rendered":"\u0424\u043b\u0430\u0435\u0440\u044b"},"content":{"rendered":"<p>[et_pb_section fb_built=&#8221;1&#8243; _builder_version=&#8221;4.16&#8243; custom_padding=&#8221;0px||||false|false&#8221; global_colors_info=&#8221;{}&#8221;][et_pb_row disabled_on=&#8221;on|off|off&#8221; _builder_version=&#8221;4.16&#8243; _module_preset=&#8221;default&#8221; background_image=&#8221;https:\/\/goprint.fi\/wp-content\/uploads\/2021\/07\/print_products_header.jpg&#8221; custom_margin=&#8221;35px||35px||false|false&#8221; custom_padding=&#8221;70px||70px|55px|true|false&#8221; border_radii=&#8221;on|25px|25px|25px|25px&#8221; box_shadow_style=&#8221;preset3&#8243; box_shadow_vertical=&#8221;1px&#8221; global_colors_info=&#8221;{}&#8221;][et_pb_column type=&#8221;4_4&#8243; _builder_version=&#8221;4.16&#8243; _module_preset=&#8221;default&#8221; global_colors_info=&#8221;{}&#8221;][et_pb_text disabled_on=&#8221;on|off|off&#8221; _builder_version=&#8221;4.16&#8243; _module_preset=&#8221;default&#8221; header_2_font=&#8221;|700|||||||&#8221; header_2_text_color=&#8221;#FFFFFF&#8221; header_2_font_size=&#8221;60px&#8221; width=&#8221;90%&#8221; custom_margin=&#8221;||0px||false|false&#8221; global_colors_info=&#8221;{}&#8221;]<\/p>\n<h2>\u00ab\u0420\u0435\u043a\u043b\u0430\u043c\u0430 \u0441 \u0444\u043b\u0430\u0435\u0440\u0430\u043c\u0438 &#8211; \u044d\u0442\u043e \u0432\u0435\u0441\u0435\u043b\u043e\u00bb<\/h2>\n<p>[\/et_pb_text][et_pb_text _builder_version=&#8221;4.16&#8243; _module_preset=&#8221;default&#8221; text_text_color=&#8221;#FFFFFF&#8221; text_font_size=&#8221;15px&#8221; text_orientation=&#8221;right&#8221; width=&#8221;59%&#8221; global_colors_info=&#8221;{}&#8221;]<\/p>\n<p>~ \u0424\u043b\u0430\u0435\u0440\u044b \u0440\u0430\u0437\u043d\u044b\u0445 \u0440\u0430\u0437\u043c\u0435\u0440\u043e\u0432 \u0438 \u0432\u0438\u0434\u043e\u0432 \u0431\u0443\u043c\u0430\u0433\u0438 \u0434\u043b\u044f \u043b\u0443\u0447\u0448\u0435\u0439 \u0440\u0435\u043a\u043b\u0430\u043c\u044b \u0432\u0430\u0448\u0435\u0433\u043e \u0431\u0438\u0437\u043d\u0435\u0441\u0430.<\/p>\n<p>[\/et_pb_text][\/et_pb_column][\/et_pb_row][et_pb_row disabled_on=&#8221;on|off|off&#8221; _builder_version=&#8221;4.16&#8243; background_size=&#8221;initial&#8221; background_position=&#8221;top_left&#8221; background_repeat=&#8221;repeat&#8221; custom_padding=&#8221;0px||0px||false|false&#8221; global_colors_info=&#8221;{}&#8221;][et_pb_column type=&#8221;4_4&#8243; _builder_version=&#8221;4.16&#8243; custom_padding=&#8221;|||&#8221; global_colors_info=&#8221;{}&#8221; custom_padding__hover=&#8221;|||&#8221;][et_pb_wc_breadcrumb _builder_version=&#8221;4.16&#8243; global_colors_info=&#8221;{}&#8221;][\/et_pb_wc_breadcrumb][et_pb_wc_cart_notice _builder_version=&#8221;4.16&#8243; global_colors_info=&#8221;{}&#8221;][\/et_pb_wc_cart_notice][\/et_pb_column][\/et_pb_row][et_pb_row column_structure=&#8221;2_5,3_5&#8243; _builder_version=&#8221;4.16&#8243; background_size=&#8221;initial&#8221; background_position=&#8221;top_left&#8221; background_repeat=&#8221;repeat&#8221; custom_padding=&#8221;||||false|false&#8221; global_colors_info=&#8221;{}&#8221;][et_pb_column type=&#8221;2_5&#8243; _builder_version=&#8221;4.16&#8243; custom_padding=&#8221;|||&#8221; global_colors_info=&#8221;{}&#8221; custom_padding__hover=&#8221;|||&#8221;][et_pb_wc_images _builder_version=&#8221;4.16&#8243; global_colors_info=&#8221;{}&#8221;][\/et_pb_wc_images][\/et_pb_column][et_pb_column type=&#8221;3_5&#8243; _builder_version=&#8221;4.16&#8243; custom_padding=&#8221;|||&#8221; global_colors_info=&#8221;{}&#8221; custom_padding__hover=&#8221;|||&#8221;][et_pb_wc_title _builder_version=&#8221;4.16&#8243; global_colors_info=&#8221;{}&#8221;][\/et_pb_wc_title][et_pb_wc_description _builder_version=&#8221;4.16&#8243; global_colors_info=&#8221;{}&#8221;][\/et_pb_wc_description][et_pb_wc_meta _builder_version=&#8221;4.16&#8243; global_colors_info=&#8221;{}&#8221;][\/et_pb_wc_meta][\/et_pb_column][\/et_pb_row][\/et_pb_section][et_pb_section fb_built=&#8221;1&#8243; _builder_version=&#8221;4.16&#8243; _module_preset=&#8221;default&#8221; global_colors_info=&#8221;{}&#8221;][et_pb_row _builder_version=&#8221;4.16&#8243; custom_padding=&#8221;0px||35px||false|&#8221; global_colors_info=&#8221;{}&#8221;][et_pb_column type=&#8221;4_4&#8243; _builder_version=&#8221;4.16&#8243; custom_padding=&#8221;|||&#8221; global_colors_info=&#8221;{}&#8221; custom_padding__hover=&#8221;|||&#8221;][et_pb_text _builder_version=&#8221;4.16&#8243; _module_preset=&#8221;default&#8221; header_3_font=&#8221;|700||on|||||&#8221; header_3_text_color=&#8221;#ef4c00&#8243; custom_margin=&#8221;||-1px|||&#8221; global_colors_info=&#8221;{}&#8221;]<\/p>\n<h3>\u0412\u044b\u043f\u043e\u043b\u043d\u0435\u043d\u043d\u044b\u0435 \u0440\u0430\u0431\u043e\u0442\u044b<\/h3>\n<p>[\/et_pb_text][\/et_pb_column][\/et_pb_row][et_pb_row column_structure=&#8221;1_3,1_3,1_3&#8243; use_custom_gutter=&#8221;on&#8221; gutter_width=&#8221;1&#8243; disabled_on=&#8221;on|on|on&#8221; _builder_version=&#8221;4.16&#8243; _module_preset=&#8221;default&#8221; custom_padding=&#8221;0px||0px|||&#8221; disabled=&#8221;on&#8221; global_colors_info=&#8221;{}&#8221;][et_pb_column type=&#8221;1_3&#8243; _builder_version=&#8221;4.16&#8243; _module_preset=&#8221;default&#8221; global_colors_info=&#8221;{}&#8221;][et_pb_image src=&#8221;https:\/\/goprint.fi\/wp-content\/uploads\/2021\/02\/Layer-6-1.jpg&#8221; title_text=&#8221;Layer 6&#8243; force_fullwidth=&#8221;on&#8221; _builder_version=&#8221;4.16&#8243; _module_preset=&#8221;default&#8221; global_colors_info=&#8221;{}&#8221;][\/et_pb_image][\/et_pb_column][et_pb_column type=&#8221;1_3&#8243; _builder_version=&#8221;4.16&#8243; _module_preset=&#8221;default&#8221; global_colors_info=&#8221;{}&#8221;][et_pb_image src=&#8221;https:\/\/goprint.fi\/wp-content\/uploads\/2021\/02\/Layer-5-1.jpg&#8221; title_text=&#8221;Layer 5&#8243; force_fullwidth=&#8221;on&#8221; _builder_version=&#8221;4.16&#8243; _module_preset=&#8221;default&#8221; global_colors_info=&#8221;{}&#8221;][\/et_pb_image][\/et_pb_column][et_pb_column type=&#8221;1_3&#8243; _builder_version=&#8221;4.16&#8243; _module_preset=&#8221;default&#8221; global_colors_info=&#8221;{}&#8221;][et_pb_image src=&#8221;https:\/\/goprint.fi\/wp-content\/uploads\/2021\/02\/Layer-3-1.jpg&#8221; title_text=&#8221;Layer 3&#8243; force_fullwidth=&#8221;on&#8221; _builder_version=&#8221;4.16&#8243; _module_preset=&#8221;default&#8221; global_colors_info=&#8221;{}&#8221;][\/et_pb_image][\/et_pb_column][\/et_pb_row][et_pb_row column_structure=&#8221;1_2,1_2&#8243; use_custom_gutter=&#8221;on&#8221; gutter_width=&#8221;1&#8243; make_equal=&#8221;on&#8221; _builder_version=&#8221;4.16&#8243; _module_preset=&#8221;default&#8221; custom_padding=&#8221;0px||0px|||&#8221; global_colors_info=&#8221;{}&#8221;][et_pb_column type=&#8221;1_2&#8243; _builder_version=&#8221;4.16&#8243; _module_preset=&#8221;default&#8221; global_colors_info=&#8221;{}&#8221;][et_pb_image src=&#8221;https:\/\/goprint.fi\/wp-content\/uploads\/2021\/02\/Layer-2-2.jpg&#8221; title_text=&#8221;Layer-2&#8243; force_fullwidth=&#8221;on&#8221; _builder_version=&#8221;4.16&#8243; _module_preset=&#8221;default&#8221; global_colors_info=&#8221;{}&#8221;][\/et_pb_image][\/et_pb_column][et_pb_column type=&#8221;1_2&#8243; _builder_version=&#8221;4.16&#8243; _module_preset=&#8221;default&#8221; global_colors_info=&#8221;{}&#8221;][et_pb_image src=&#8221;https:\/\/goprint.fi\/wp-content\/uploads\/2021\/02\/Layer-7-2.jpg&#8221; title_text=&#8221;Layer-7&#8243; force_fullwidth=&#8221;on&#8221; _builder_version=&#8221;4.16&#8243; _module_preset=&#8221;default&#8221; global_colors_info=&#8221;{}&#8221;][\/et_pb_image][\/et_pb_column][\/et_pb_row][\/et_pb_section][et_pb_section fb_built=&#8221;1&#8243; disabled_on=&#8221;on|on|on&#8221; _builder_version=&#8221;4.16&#8243; _module_preset=&#8221;default&#8221; background_image=&#8221;https:\/\/goprint.fi\/wp-content\/uploads\/2021\/02\/Image-39.png&#8221; disabled=&#8221;on&#8221; global_colors_info=&#8221;{}&#8221;][et_pb_row column_structure=&#8221;2_3,1_3&#8243; _builder_version=&#8221;4.16&#8243; _module_preset=&#8221;default&#8221; global_colors_info=&#8221;{}&#8221;][et_pb_column type=&#8221;2_3&#8243; _builder_version=&#8221;4.16&#8243; _module_preset=&#8221;default&#8221; global_colors_info=&#8221;{}&#8221;][\/et_pb_column][et_pb_column type=&#8221;1_3&#8243; _builder_version=&#8221;4.16&#8243; _module_preset=&#8221;default&#8221; global_colors_info=&#8221;{}&#8221;][et_pb_text _builder_version=&#8221;4.16&#8243; _module_preset=&#8221;default&#8221; link_font=&#8221;|||on|||||&#8221; link_text_color=&#8221;#ef4b00&#8243; header_4_font=&#8221;|600||on|||||&#8221; header_4_text_align=&#8221;left&#8221; header_4_text_color=&#8221;#ef4c00&#8243; header_4_font_size=&#8221;20px&#8221; header_4_line_height=&#8221;1.2em&#8221; global_colors_info=&#8221;{}&#8221;]<\/p>\n<h4>Bla bla bla<\/h4>\n<p>Your content goes here. Edit or remove this text inline or in the module Content settings. You can also style every aspect of this content in the module Design settings and even apply custom CSS to this text in the module Advanced settings.<\/p>\n<p><a href=\"\/services\/\"><img loading=\"lazy\" decoding=\"async\" src=\"https:\/\/rollupmaster.parallel-ideas.ee\/wp-content\/uploads\/2021\/02\/Group-111.png\" width=\"32\" height=\"32\" alt=\"\" class=\"wp-image-930 alignnone size-full\"> Order your bla bla<\/a><\/p>\n<p>[\/et_pb_text][\/et_pb_column][\/et_pb_row][\/et_pb_section][et_pb_section fb_built=&#8221;1&#8243; _builder_version=&#8221;4.10.5&#8243; _module_preset=&#8221;default&#8221; background_image=&#8221;https:\/\/goprint.fi\/wp-content\/uploads\/2021\/06\/design___.jpg&#8221; background_position=&#8221;center_right&#8221; custom_padding=&#8221;0px|||||&#8221; background_last_edited=&#8221;on|desktop&#8221; parallax_tablet=&#8221;off&#8221; background_size_phone=&#8221;contain&#8221; background_position_tablet=&#8221;center_right&#8221; background_position_phone=&#8221;bottom_right&#8221; filter_opacity_tablet=&#8221;100%&#8221; filter_opacity_phone=&#8221;&#8221; filter_opacity_last_edited=&#8221;on|desktop&#8221; global_module=&#8221;4835&#8243; saved_tabs=&#8221;all&#8221; global_colors_info=&#8221;{}&#8221;][et_pb_row column_structure=&#8221;2_3,1_3&#8243; _builder_version=&#8221;4.16&#8243; _module_preset=&#8221;default&#8221; custom_padding=&#8221;42px|||||&#8221; global_colors_info=&#8221;{}&#8221;][et_pb_column type=&#8221;2_3&#8243; _builder_version=&#8221;4.16&#8243; _module_preset=&#8221;default&#8221; global_colors_info=&#8221;{}&#8221;][\/et_pb_column][et_pb_column type=&#8221;1_3&#8243; _builder_version=&#8221;4.16&#8243; _module_preset=&#8221;default&#8221; global_colors_info=&#8221;{}&#8221;][et_pb_text content_tablet=&#8221;<\/p>\n<\/p>\n<h4 style=%22text-align: center;%22><span style=%22color: #ff6600;%22>PERSONAALNE KUJUNDUS, MIS PANEB TR\u00dcKISE S\u00c4RAMA<\/span><\/h4>\n<p style=%22text-align: center;%22><span style=%22color: #ffffff;%22>Go Prindi professionaalsed kujundajad loovad Sulle unikaalse kujunduse, mis teeb Su tr\u00fckise pilkup\u00fc\u00fcdvaks ja t\u00f5stab selle esile.<\/span><\/p>\n<p style=%22text-align: center;%22><span style=%22color: #ffffff;%22><a href=%22https:\/\/goprint.fi\/wp-content\/uploads\/2021\/06\/right-arrow.svg%22 style=%22color: #ffffff;%22><img class=%22wp-image-3071 alignnone %22 src=%22https:\/\/goprint.fi\/wp-content\/uploads\/2021\/06\/right-arrow.svg%22 alt=%22%22 width=%2213%22 height=%2213%22 \/><\/a> <a href=%22\/product\/sinu-trukise-kujundus\/%22 style=%22color: #ffffff;%22>Telli kujundus<\/a><\/span><\/p>\n<\/p>\n<p>&#8221; content_phone=&#8221;<\/p>\n<h4 style=%22text-align: center;%22><span style=%22color: #ff6600;%22>PERSONAALNE KUJUNDUS, MIS PANEB TR\u00dcKISE S\u00c4RAMA<\/span><\/h4>\n<p style=%22text-align: center;%22><span style=%22color: #333333;%22><a href=%22https:\/\/goprint.fi\/wp-content\/uploads\/2021\/06\/right-arrow.svg%22 style=%22color: #333333;%22><img class=%22wp-image-3071 alignnone %22 src=%22https:\/\/goprint.fi\/wp-content\/uploads\/2021\/06\/right-arrow.svg%22 alt=%22%22 width=%2213%22 height=%2213%22 \/><\/a> <a href=%22\/product\/sinu-trukise-kujundus\/%22 style=%22color: #333333;%22>Telli kujundus<\/a><\/span><\/p>\n<p>&#8221; content_last_edited=&#8221;on|phone&#8221; _builder_version=&#8221;4.16&#8243; _module_preset=&#8221;default&#8221; link_font=&#8221;|||on|||||&#8221; link_text_color=&#8221;#000000&#8243; header_4_font=&#8221;|600||on|||||&#8221; header_4_text_align=&#8221;left&#8221; header_4_text_color=&#8221;#FFFFFF&#8221; header_4_font_size=&#8221;20px&#8221; header_4_line_height=&#8221;1.2em&#8221; global_colors_info=&#8221;{}&#8221;]<\/p>\n<h4><span style=\"color: #ff6600;\">PERSONAALNE KUJUNDUS, MIS PANEB TR\u00dcKISE S\u00c4RAMA<\/span><\/h4>\n<p><span style=\"color: #ffffff;\">Go Prindi professionaalsed kujundajad loovad Sulle unikaalse kujunduse, mis teeb Su tr\u00fckise pilkup\u00fc\u00fcdvaks ja t\u00f5stab selle esile.<\/span><\/p>\n<p><a href=\"https:\/\/goprint.fi\/wp-content\/uploads\/2021\/06\/right-arrow.svg\"><img loading=\"lazy\" decoding=\"async\" class=\"wp-image-3071 alignnone \" src=\"https:\/\/goprint.fi\/wp-content\/uploads\/2021\/06\/right-arrow.svg\" alt=\"\" width=\"13\" height=\"13\" \/><\/a> <span style=\"color: #800080;\"><a href=\"\/product\/sinu-trukise-kujundus\/\" style=\"color: #800080;\">Telli kujundus<\/a><\/span><\/p>\n<p>[\/et_pb_text][\/et_pb_column][\/et_pb_row][\/et_pb_section]<\/p>\n","protected":false},"excerpt":{"rendered":"<p>\u0412 \u043d\u0430\u0448\u0435\u0439 \u0442\u0438\u043f\u043e\u0433\u0440\u0430\u0444\u0438\u0438 Go Print \u0432\u044b \u043c\u043e\u0436\u0435\u0442\u0435 \u0437\u0430\u043a\u0430\u0437\u0430\u0442\u044c \u0440\u0435\u043a\u043b\u0430\u043c\u043d\u044b\u0435 \u0444\u043b\u0430\u0435\u0440\u044b \u0434\u043b\u044f \u0440\u0430\u0437\u043b\u0438\u0447\u043d\u044b\u0445 \u043c\u0430\u0440\u043a\u0435\u0442\u0438\u043d\u0433\u043e\u0432\u044b\u0445 \u0446\u0435\u043b\u0435\u0439 \u0432\u0430\u0448\u0435\u0433\u043e \u0431\u0438\u0437\u043d\u0435\u0441\u0430. \u041c\u044b \u043f\u0440\u0435\u0434\u043b\u0430\u0433\u0430\u0435\u043c \u043e\u0434\u043d\u043e\u0441\u0442\u043e\u0440\u043e\u043d\u043d\u0438\u0435 \u0438 \u0434\u0432\u0443\u0441\u0442\u043e\u0440\u043e\u043d\u043d\u0438\u0435 \u0444\u043b\u0430\u0435\u0440\u044b \u0440\u0430\u0437\u043d\u044b\u0445 \u0440\u0430\u0437\u043c\u0435\u0440\u043e\u0432 \u2013 \u04106 (105\u00d7148 \u043c\u043c), \u04105 (148\u00d7210 \u043c\u043c), \u04104 (210\u00d7297 \u043c\u043c) \u0438 \u041065 (99\u00d7210 \u043c\u043c). \u0422\u0430\u043a\u0436\u0435 \u0443 \u043d\u0430\u0441 \u043c\u043e\u0436\u043d\u043e \u0437\u0430\u043a\u0430\u0437\u0430\u0442\u044c \u0434\u0438\u0437\u0430\u0439\u043d \u0444\u043b\u0430\u0435\u0440\u0430 \u043f\u043e \u0432\u0430\u0448\u0435\u043c\u0443 \u0432\u043a\u0443\u0441\u0443 \u0438 \u043f\u043e\u0436\u0435\u043b\u0430\u043d\u0438\u044f\u043c.<\/p>\n<p>\u0412\u044b\u0431\u0435\u0440\u0438\u0442\u0435 \u0440\u0430\u0437\u043c\u0435\u0440 \u0444\u043b\u0430\u0435\u0440\u0430, \u0442\u0438\u043f \u0431\u0443\u043c\u0430\u0433\u0438 \u0438 \u043a\u043e\u043b\u0438\u0447\u0435\u0441\u0442\u0432\u043e \u0438 \u043e\u0444\u043e\u0440\u043c\u0438\u0442\u0435 \u0437\u0430\u043a\u0430\u0437.<\/p>\n","protected":false},"featured_media":6058,"comment_status":"closed","ping_status":"closed","template":"","meta":{"_et_pb_use_builder":"on","_et_pb_old_content":"","_et_gb_content_width":"","inline_featured_image":false},"product_brand":[],"product_cat":[272],"product_tag":[],"class_list":{"0":"post-6828","1":"product","2":"type-product","3":"status-publish","4":"has-post-thumbnail","6":"product_cat-272","8":"first","9":"instock","10":"featured","11":"taxable","12":"shipping-taxable","13":"purchasable","14":"product-type-variable"},"yoast_head":"<!-- This site is optimized with the Yoast SEO plugin v24.7 - https:\/\/yoast.com\/wordpress\/plugins\/seo\/ -->\n<title>\u041f\u0435\u0447\u0430\u0442\u044c \u0444\u043b\u0430\u0435\u0440\u043e\u0432 \u0432 \u0422\u0430\u043b\u043b\u0438\u043d\u043d\u0435 | goprint.ee<\/title>\n<meta name=\"description\" content=\"\u041f\u0435\u0447\u0430\u0442\u044c \u0444\u043b\u0430\u0435\u0440\u043e\u0432 \u043f\u043e \u0432\u0430\u0448\u0435\u043c\u0443 \u043c\u0430\u043a\u0435\u0442\u0443 \u0438\u043b\u0438 \u0434\u0438\u0437\u0430\u0439\u043d\u0443 \u0432 \u0422\u0430\u043b\u043b\u0438\u043d\u043d\u0435 \u043f\u0440\u0438 \u0437\u0430\u043a\u0430\u0437\u0435 \u0432 \u0442\u0438\u043f\u043e\u0433\u0440\u0430\u0444\u0438\u0438 goprint.ee.\" \/>\n<meta name=\"robots\" content=\"noindex, follow, max-snippet:-1, max-image-preview:large, max-video-preview:-1\" \/>\n<meta property=\"og:locale\" content=\"fi_FI\" \/>\n<meta property=\"og:type\" content=\"article\" \/>\n<meta property=\"og:title\" content=\"\u041f\u0435\u0447\u0430\u0442\u044c \u0444\u043b\u0430\u0435\u0440\u043e\u0432 \u0432 \u0422\u0430\u043b\u043b\u0438\u043d\u043d\u0435 | goprint.ee\" \/>\n<meta property=\"og:description\" content=\"\u041f\u0435\u0447\u0430\u0442\u044c \u0444\u043b\u0430\u0435\u0440\u043e\u0432 \u043f\u043e \u0432\u0430\u0448\u0435\u043c\u0443 \u043c\u0430\u043a\u0435\u0442\u0443 \u0438\u043b\u0438 \u0434\u0438\u0437\u0430\u0439\u043d\u0443 \u0432 \u0422\u0430\u043b\u043b\u0438\u043d\u043d\u0435 \u043f\u0440\u0438 \u0437\u0430\u043a\u0430\u0437\u0435 \u0432 \u0442\u0438\u043f\u043e\u0433\u0440\u0430\u0444\u0438\u0438 goprint.ee.\" \/>\n<meta property=\"og:url\" content=\"https:\/\/goprint.fi\/product\/leaflets\/\" \/>\n<meta property=\"og:site_name\" content=\"GoPrint\" \/>\n<meta property=\"article:modified_time\" content=\"2023-11-01T10:39:19+00:00\" \/>\n<meta property=\"og:image\" content=\"https:\/\/goprint.fi\/wp-content\/uploads\/2021\/05\/goprint_flayer.jpg\" \/>\n\t<meta property=\"og:image:width\" content=\"527\" \/>\n\t<meta property=\"og:image:height\" content=\"296\" \/>\n\t<meta property=\"og:image:type\" content=\"image\/jpeg\" \/>\n<meta name=\"twitter:card\" content=\"summary_large_image\" \/>\n<meta name=\"twitter:label1\" content=\"Arvioitu lukuaika\" \/>\n\t<meta name=\"twitter:data1\" content=\"6 minuuttia\" \/>\n<script type=\"application\/ld+json\" class=\"yoast-schema-graph\">{\"@context\":\"https:\/\/schema.org\",\"@graph\":[{\"@type\":\"WebPage\",\"@id\":\"https:\/\/goprint.fi\/product\/leaflets\/\",\"url\":\"https:\/\/goprint.fi\/product\/leaflets\/\",\"name\":\"\u041f\u0435\u0447\u0430\u0442\u044c \u0444\u043b\u0430\u0435\u0440\u043e\u0432 \u0432 \u0422\u0430\u043b\u043b\u0438\u043d\u043d\u0435 | goprint.ee\",\"isPartOf\":{\"@id\":\"https:\/\/goprint.fi\/#website\"},\"primaryImageOfPage\":{\"@id\":\"https:\/\/goprint.fi\/product\/leaflets\/#primaryimage\"},\"image\":{\"@id\":\"https:\/\/goprint.fi\/product\/leaflets\/#primaryimage\"},\"thumbnailUrl\":\"https:\/\/goprint.fi\/wp-content\/uploads\/2021\/05\/goprint_flayer.jpg\",\"datePublished\":\"2022-01-30T14:15:50+00:00\",\"dateModified\":\"2023-11-01T10:39:19+00:00\",\"description\":\"\u041f\u0435\u0447\u0430\u0442\u044c \u0444\u043b\u0430\u0435\u0440\u043e\u0432 \u043f\u043e \u0432\u0430\u0448\u0435\u043c\u0443 \u043c\u0430\u043a\u0435\u0442\u0443 \u0438\u043b\u0438 \u0434\u0438\u0437\u0430\u0439\u043d\u0443 \u0432 \u0422\u0430\u043b\u043b\u0438\u043d\u043d\u0435 \u043f\u0440\u0438 \u0437\u0430\u043a\u0430\u0437\u0435 \u0432 \u0442\u0438\u043f\u043e\u0433\u0440\u0430\u0444\u0438\u0438 goprint.ee.\",\"breadcrumb\":{\"@id\":\"https:\/\/goprint.fi\/product\/leaflets\/#breadcrumb\"},\"inLanguage\":\"fi\",\"potentialAction\":[{\"@type\":\"ReadAction\",\"target\":[\"https:\/\/goprint.fi\/product\/leaflets\/\"]}]},{\"@type\":\"ImageObject\",\"inLanguage\":\"fi\",\"@id\":\"https:\/\/goprint.fi\/product\/leaflets\/#primaryimage\",\"url\":\"https:\/\/goprint.fi\/wp-content\/uploads\/2021\/05\/goprint_flayer.jpg\",\"contentUrl\":\"https:\/\/goprint.fi\/wp-content\/uploads\/2021\/05\/goprint_flayer.jpg\",\"width\":527,\"height\":296},{\"@type\":\"BreadcrumbList\",\"@id\":\"https:\/\/goprint.fi\/product\/leaflets\/#breadcrumb\",\"itemListElement\":[{\"@type\":\"ListItem\",\"position\":1,\"name\":\"Home\",\"item\":\"https:\/\/goprint.fi\/\"},{\"@type\":\"ListItem\",\"position\":2,\"name\":\"Print\",\"item\":\"https:\/\/goprint.fi\/fi\/shop\/\"},{\"@type\":\"ListItem\",\"position\":3,\"name\":\"\u0424\u043b\u0430\u0435\u0440\u044b\"}]},{\"@type\":\"WebSite\",\"@id\":\"https:\/\/goprint.fi\/#website\",\"url\":\"https:\/\/goprint.fi\/\",\"name\":\"GoPrint\",\"description\":\"Arvutage ja tellige prinditeenused otse veebist\",\"potentialAction\":[{\"@type\":\"SearchAction\",\"target\":{\"@type\":\"EntryPoint\",\"urlTemplate\":\"https:\/\/goprint.fi\/?s={search_term_string}\"},\"query-input\":{\"@type\":\"PropertyValueSpecification\",\"valueRequired\":true,\"valueName\":\"search_term_string\"}}],\"inLanguage\":\"fi\"}]}<\/script>\n<!-- \/ Yoast SEO plugin. -->","yoast_head_json":{"title":"\u041f\u0435\u0447\u0430\u0442\u044c \u0444\u043b\u0430\u0435\u0440\u043e\u0432 \u0432 \u0422\u0430\u043b\u043b\u0438\u043d\u043d\u0435 | goprint.ee","description":"\u041f\u0435\u0447\u0430\u0442\u044c \u0444\u043b\u0430\u0435\u0440\u043e\u0432 \u043f\u043e \u0432\u0430\u0448\u0435\u043c\u0443 \u043c\u0430\u043a\u0435\u0442\u0443 \u0438\u043b\u0438 \u0434\u0438\u0437\u0430\u0439\u043d\u0443 \u0432 \u0422\u0430\u043b\u043b\u0438\u043d\u043d\u0435 \u043f\u0440\u0438 \u0437\u0430\u043a\u0430\u0437\u0435 \u0432 \u0442\u0438\u043f\u043e\u0433\u0440\u0430\u0444\u0438\u0438 goprint.ee.","robots":{"index":"noindex","follow":"follow","max-snippet":"max-snippet:-1","max-image-preview":"max-image-preview:large","max-video-preview":"max-video-preview:-1"},"og_locale":"fi_FI","og_type":"article","og_title":"\u041f\u0435\u0447\u0430\u0442\u044c \u0444\u043b\u0430\u0435\u0440\u043e\u0432 \u0432 \u0422\u0430\u043b\u043b\u0438\u043d\u043d\u0435 | goprint.ee","og_description":"\u041f\u0435\u0447\u0430\u0442\u044c \u0444\u043b\u0430\u0435\u0440\u043e\u0432 \u043f\u043e \u0432\u0430\u0448\u0435\u043c\u0443 \u043c\u0430\u043a\u0435\u0442\u0443 \u0438\u043b\u0438 \u0434\u0438\u0437\u0430\u0439\u043d\u0443 \u0432 \u0422\u0430\u043b\u043b\u0438\u043d\u043d\u0435 \u043f\u0440\u0438 \u0437\u0430\u043a\u0430\u0437\u0435 \u0432 \u0442\u0438\u043f\u043e\u0433\u0440\u0430\u0444\u0438\u0438 goprint.ee.","og_url":"https:\/\/goprint.fi\/product\/leaflets\/","og_site_name":"GoPrint","article_modified_time":"2023-11-01T10:39:19+00:00","og_image":[{"width":527,"height":296,"url":"https:\/\/goprint.fi\/wp-content\/uploads\/2021\/05\/goprint_flayer.jpg","type":"image\/jpeg"}],"twitter_card":"summary_large_image","twitter_misc":{"Arvioitu lukuaika":"6 minuuttia"},"schema":{"@context":"https:\/\/schema.org","@graph":[{"@type":"WebPage","@id":"https:\/\/goprint.fi\/product\/leaflets\/","url":"https:\/\/goprint.fi\/product\/leaflets\/","name":"\u041f\u0435\u0447\u0430\u0442\u044c \u0444\u043b\u0430\u0435\u0440\u043e\u0432 \u0432 \u0422\u0430\u043b\u043b\u0438\u043d\u043d\u0435 | goprint.ee","isPartOf":{"@id":"https:\/\/goprint.fi\/#website"},"primaryImageOfPage":{"@id":"https:\/\/goprint.fi\/product\/leaflets\/#primaryimage"},"image":{"@id":"https:\/\/goprint.fi\/product\/leaflets\/#primaryimage"},"thumbnailUrl":"https:\/\/goprint.fi\/wp-content\/uploads\/2021\/05\/goprint_flayer.jpg","datePublished":"2022-01-30T14:15:50+00:00","dateModified":"2023-11-01T10:39:19+00:00","description":"\u041f\u0435\u0447\u0430\u0442\u044c \u0444\u043b\u0430\u0435\u0440\u043e\u0432 \u043f\u043e \u0432\u0430\u0448\u0435\u043c\u0443 \u043c\u0430\u043a\u0435\u0442\u0443 \u0438\u043b\u0438 \u0434\u0438\u0437\u0430\u0439\u043d\u0443 \u0432 \u0422\u0430\u043b\u043b\u0438\u043d\u043d\u0435 \u043f\u0440\u0438 \u0437\u0430\u043a\u0430\u0437\u0435 \u0432 \u0442\u0438\u043f\u043e\u0433\u0440\u0430\u0444\u0438\u0438 goprint.ee.","breadcrumb":{"@id":"https:\/\/goprint.fi\/product\/leaflets\/#breadcrumb"},"inLanguage":"fi","potentialAction":[{"@type":"ReadAction","target":["https:\/\/goprint.fi\/product\/leaflets\/"]}]},{"@type":"ImageObject","inLanguage":"fi","@id":"https:\/\/goprint.fi\/product\/leaflets\/#primaryimage","url":"https:\/\/goprint.fi\/wp-content\/uploads\/2021\/05\/goprint_flayer.jpg","contentUrl":"https:\/\/goprint.fi\/wp-content\/uploads\/2021\/05\/goprint_flayer.jpg","width":527,"height":296},{"@type":"BreadcrumbList","@id":"https:\/\/goprint.fi\/product\/leaflets\/#breadcrumb","itemListElement":[{"@type":"ListItem","position":1,"name":"Home","item":"https:\/\/goprint.fi\/"},{"@type":"ListItem","position":2,"name":"Print","item":"https:\/\/goprint.fi\/fi\/shop\/"},{"@type":"ListItem","position":3,"name":"\u0424\u043b\u0430\u0435\u0440\u044b"}]},{"@type":"WebSite","@id":"https:\/\/goprint.fi\/#website","url":"https:\/\/goprint.fi\/","name":"GoPrint","description":"Arvutage ja tellige prinditeenused otse veebist","potentialAction":[{"@type":"SearchAction","target":{"@type":"EntryPoint","urlTemplate":"https:\/\/goprint.fi\/?s={search_term_string}"},"query-input":{"@type":"PropertyValueSpecification","valueRequired":true,"valueName":"search_term_string"}}],"inLanguage":"fi"}]}},"_links":{"self":[{"href":"https:\/\/goprint.fi\/fi\/wp-json\/wp\/v2\/product\/6828","targetHints":{"allow":["GET"]}}],"collection":[{"href":"https:\/\/goprint.fi\/fi\/wp-json\/wp\/v2\/product"}],"about":[{"href":"https:\/\/goprint.fi\/fi\/wp-json\/wp\/v2\/types\/product"}],"replies":[{"embeddable":true,"href":"https:\/\/goprint.fi\/fi\/wp-json\/wp\/v2\/comments?post=6828"}],"wp:featuredmedia":[{"embeddable":true,"href":"https:\/\/goprint.fi\/fi\/wp-json\/wp\/v2\/media\/6058"}],"wp:attachment":[{"href":"https:\/\/goprint.fi\/fi\/wp-json\/wp\/v2\/media?parent=6828"}],"wp:term":[{"taxonomy":"product_brand","embeddable":true,"href":"https:\/\/goprint.fi\/fi\/wp-json\/wp\/v2\/product_brand?post=6828"},{"taxonomy":"product_cat","embeddable":true,"href":"https:\/\/goprint.fi\/fi\/wp-json\/wp\/v2\/product_cat?post=6828"},{"taxonomy":"product_tag","embeddable":true,"href":"https:\/\/goprint.fi\/fi\/wp-json\/wp\/v2\/product_tag?post=6828"}],"curies":[{"name":"wp","href":"https:\/\/api.w.org\/{rel}","templated":true}]}}