{"id":9199,"date":"2022-01-20T08:41:05","date_gmt":"2022-01-20T05:41:05","guid":{"rendered":"https:\/\/goprint.fi\/shop\/"},"modified":"2023-12-29T15:07:18","modified_gmt":"2023-12-29T12:07:18","slug":"shop","status":"publish","type":"page","link":"https:\/\/goprint.fi\/fi\/shop\/","title":{"rendered":"Print"},"content":{"rendered":"<p>[et_pb_section fb_built=&#8221;1&#8243; disabled_on=&#8221;on|off|off&#8221; _builder_version=&#8221;4.16&#8243; _module_preset=&#8221;default&#8221; custom_padding=&#8221;0px||0px||true|&#8221; global_colors_info=&#8221;{}&#8221;][et_pb_row _builder_version=&#8221;4.16&#8243; _module_preset=&#8221;default&#8221; background_image=&#8221;https:\/\/goprint.fi\/wp-content\/uploads\/2021\/07\/print_products_header.jpg&#8221; custom_margin=&#8221;35px||35px||false|false&#8221; custom_padding=&#8221;70px||70px|55px|true|false&#8221; border_radii=&#8221;on|25px|25px|25px|25px&#8221; box_shadow_style=&#8221;preset3&#8243; box_shadow_vertical=&#8221;1px&#8221; global_colors_info=&#8221;{}&#8221;][et_pb_column type=&#8221;4_4&#8243; _builder_version=&#8221;4.16&#8243; _module_preset=&#8221;default&#8221; global_colors_info=&#8221;{}&#8221;][et_pb_text _builder_version=&#8221;4.16&#8243; _module_preset=&#8221;default&#8221; header_2_font=&#8221;|700|||||||&#8221; header_2_text_color=&#8221;#FFFFFF&#8221; header_2_font_size=&#8221;60px&#8221; width=&#8221;90%&#8221; custom_margin=&#8221;||0px||false|false&#8221; global_colors_info=&#8221;{}&#8221;]<\/p>\n<h2>&#8220;Always live in colour&#8221;<\/h2>\n<p>[\/et_pb_text][et_pb_text _builder_version=&#8221;4.16&#8243; _module_preset=&#8221;default&#8221; text_text_color=&#8221;#FFFFFF&#8221; text_font_size=&#8221;15px&#8221; text_orientation=&#8221;right&#8221; width=&#8221;52%&#8221; global_colors_info=&#8221;{}&#8221;]~There is always the perfect reason to print[\/et_pb_text][\/et_pb_column][\/et_pb_row][\/et_pb_section][et_pb_section fb_built=&#8221;1&#8243; module_id=&#8221;range-layout&#8221; _builder_version=&#8221;4.16&#8243; background_color=&#8221;RGBA(0,0,0,0)&#8221; min_height=&#8221;1059.9px&#8221; custom_margin=&#8221;||-4px|||&#8221; custom_padding=&#8221;||4px|||&#8221; saved_tabs=&#8221;all&#8221; collapsed=&#8221;off&#8221; global_colors_info=&#8221;{}&#8221;][et_pb_row _builder_version=&#8221;4.16&#8243; custom_padding=&#8221;0px||35px||false|&#8221; global_colors_info=&#8221;{}&#8221;][et_pb_column type=&#8221;4_4&#8243; _builder_version=&#8221;4.16&#8243; custom_padding=&#8221;|||&#8221; global_colors_info=&#8221;{}&#8221; custom_padding__hover=&#8221;|||&#8221;][et_pb_text _builder_version=&#8221;4.16&#8243; _module_preset=&#8221;default&#8221; header_3_font=&#8221;|700||on|||||&#8221; header_3_text_color=&#8221;#ef4c00&#8243; background_color=&#8221;RGBA(0,0,0,0)&#8221; custom_margin=&#8221;||-1px|||&#8221; global_colors_info=&#8221;{}&#8221;]<\/p>\n<h3>Print<\/h3>\n<p>[\/et_pb_text][\/et_pb_column][\/et_pb_row][et_pb_row column_structure=&#8221;1_3,1_3,1_3&#8243; module_id=&#8221;shop-items&#8221; _builder_version=&#8221;4.16&#8243; global_colors_info=&#8221;{}&#8221;][et_pb_column type=&#8221;1_3&#8243; _builder_version=&#8221;4.16&#8243; custom_padding=&#8221;|||&#8221; global_colors_info=&#8221;{}&#8221; custom_padding__hover=&#8221;|||&#8221;][et_pb_blurb title=&#8221;K\u00e4yntikortit&#8221; image=&#8221;https:\/\/goprint.fi\/wp-content\/uploads\/2021\/05\/goprint_business_card.jpg&#8221; _builder_version=&#8221;4.20.4&#8243; _module_preset=&#8221;default&#8221; header_font=&#8221;|600|||||||&#8221; header_text_color=&#8221;#2e4dd4&#8243; body_link_text_color=&#8221;#ef4c00&#8243; background_color=&#8221;#FFFFFF&#8221; link_option_url=&#8221;https:\/\/goprint.fi\/en\/product\/business-cards\/&#8221; hover_enabled=&#8221;0&#8243; sticky_position_last_edited=&#8221;off|desktop&#8221; border_radii=&#8221;on|15px|15px|15px|15px&#8221; border_color_all=&#8221;#c4c4c4&#8243; box_shadow_style=&#8221;preset3&#8243; box_shadow_vertical=&#8221;1px&#8221; global_colors_info=&#8221;{}&#8221; transform_styles__hover_enabled=&#8221;on|hover&#8221; transform_scale__hover_enabled=&#8221;on|hover&#8221; transform_translate__hover_enabled=&#8221;on|desktop&#8221; transform_rotate__hover_enabled=&#8221;on|desktop&#8221; transform_skew__hover_enabled=&#8221;on|desktop&#8221; transform_origin__hover_enabled=&#8221;on|desktop&#8221; transform_scale__hover=&#8221;102%|102%&#8221; sticky_enabled=&#8221;0&#8243;]<\/p>\n<p>Paras tapa ensivaikutelman luomiseen. Painata matta- tai kiiltopaperille, my\u00f6s muut vaikutelmat mahdollisia.<\/p>\n<p><a href=\"https:\/\/goprint.fi\/fi\/tuote\/visiitkaardid\/\">Painata k\u00e4yntikortti &gt;<\/a><\/p>\n<p>[\/et_pb_blurb][\/et_pb_column][et_pb_column type=&#8221;1_3&#8243; _builder_version=&#8221;4.16&#8243; custom_padding=&#8221;|||&#8221; global_colors_info=&#8221;{}&#8221; custom_padding__hover=&#8221;|||&#8221;][et_pb_blurb title=&#8221;Flyers&#8221; image=&#8221;https:\/\/goprint.fi\/wp-content\/uploads\/2021\/05\/goprint_flayer.jpg&#8221; _builder_version=&#8221;4.20.4&#8243; _module_preset=&#8221;default&#8221; header_font=&#8221;|600|||||||&#8221; header_text_color=&#8221;#2e4dd4&#8243; body_link_text_color=&#8221;#ef4c00&#8243; background_color=&#8221;#FFFFFF&#8221; link_option_url=&#8221;https:\/\/goprint.fi\/product\/flaierid\/&#8221; hover_enabled=&#8221;0&#8243; border_radii=&#8221;on|15px|15px|15px|15px&#8221; border_color_all=&#8221;#c4c4c4&#8243; box_shadow_style=&#8221;preset3&#8243; box_shadow_vertical=&#8221;1px&#8221; global_colors_info=&#8221;{}&#8221; transform_styles__hover_enabled=&#8221;on|hover&#8221; transform_scale__hover_enabled=&#8221;on|hover&#8221; transform_translate__hover_enabled=&#8221;on|desktop&#8221; transform_rotate__hover_enabled=&#8221;on|desktop&#8221; transform_skew__hover_enabled=&#8221;on|desktop&#8221; transform_origin__hover_enabled=&#8221;on|desktop&#8221; transform_scale__hover=&#8221;102%|102%&#8221; sticky_enabled=&#8221;0&#8243;]<\/p>\n<p>Paras tapa esitell\u00e4 ohikulkijalle omaa tuotetta\/palvelua on antaa h\u00e4nelle flyer.<\/p>\n<p><a href=\"https:\/\/goprint.fi\/fi\/tuote\/flyers\/\">Painata flyer &gt;<\/a><\/p>\n<p>[\/et_pb_blurb][\/et_pb_column][et_pb_column type=&#8221;1_3&#8243; _builder_version=&#8221;4.16&#8243; custom_padding=&#8221;|||&#8221; global_colors_info=&#8221;{}&#8221; custom_padding__hover=&#8221;|||&#8221;][et_pb_blurb title=&#8221;Taitetut esitteet&#8221; image=&#8221;https:\/\/goprint.fi\/wp-content\/uploads\/2021\/05\/goprint_bocklet.jpg&#8221; _builder_version=&#8221;4.20.4&#8243; _module_preset=&#8221;default&#8221; header_font=&#8221;|600|||||||&#8221; header_text_color=&#8221;#2e4dd4&#8243; body_link_text_color=&#8221;#ef4c00&#8243; background_color=&#8221;#FFFFFF&#8221; link_option_url=&#8221;https:\/\/goprint.fi\/product\/voldikud\/&#8221; hover_enabled=&#8221;0&#8243; border_radii=&#8221;on|15px|15px|15px|15px&#8221; border_color_all=&#8221;#c4c4c4&#8243; box_shadow_style=&#8221;preset3&#8243; box_shadow_vertical=&#8221;1px&#8221; global_colors_info=&#8221;{}&#8221; transform_styles__hover_enabled=&#8221;on|hover&#8221; transform_scale__hover=&#8221;102%|102%&#8221; transform_scale__hover_enabled=&#8221;on|hover&#8221; transform_translate__hover_enabled=&#8221;on|desktop&#8221; transform_rotate__hover_enabled=&#8221;on|desktop&#8221; transform_skew__hover_enabled=&#8221;on|desktop&#8221; transform_origin__hover_enabled=&#8221;on|desktop&#8221; sticky_enabled=&#8221;0&#8243;]<\/p>\n<p>Taitettu esite on erinomainen mahdollisuus v\u00e4litt\u00e4\u00e4 asiakkaille tietoa omista tuotteista\/palveluista.<\/p>\n<p><a href=\"https:\/\/goprint.fi\/fi\/tuote\/brochures\/\">Painata taitettu esite &gt;<\/a><\/p>\n<p>[\/et_pb_blurb][\/et_pb_column][\/et_pb_row][et_pb_row column_structure=&#8221;1_3,1_3,1_3&#8243; module_id=&#8221;shop-items&#8221; _builder_version=&#8221;4.16&#8243; global_colors_info=&#8221;{}&#8221;][et_pb_column type=&#8221;1_3&#8243; _builder_version=&#8221;4.16&#8243; custom_padding=&#8221;|||&#8221; global_colors_info=&#8221;{}&#8221; custom_padding__hover=&#8221;|||&#8221;][et_pb_blurb title=&#8221;Postikortit&#8221; image=&#8221;https:\/\/goprint.fi\/wp-content\/uploads\/2021\/05\/goprint_postcard_.jpg&#8221; _builder_version=&#8221;4.20.4&#8243; _module_preset=&#8221;default&#8221; header_font=&#8221;|600|||||||&#8221; header_text_color=&#8221;#2e4dd4&#8243; body_link_text_color=&#8221;#ef4c00&#8243; background_color=&#8221;#FFFFFF&#8221; link_option_url=&#8221;https:\/\/goprint.fi\/product\/postkaardid\/&#8221; hover_enabled=&#8221;0&#8243; border_radii=&#8221;on|15px|15px|15px|15px&#8221; border_color_all=&#8221;#c4c4c4&#8243; box_shadow_style=&#8221;preset3&#8243; box_shadow_vertical=&#8221;1px&#8221; global_colors_info=&#8221;{}&#8221; transform_styles__hover_enabled=&#8221;on|hover&#8221; transform_scale__hover=&#8221;102%|102%&#8221; transform_scale__hover_enabled=&#8221;on|hover&#8221; transform_translate__hover_enabled=&#8221;on|desktop&#8221; transform_rotate__hover_enabled=&#8221;on|desktop&#8221; transform_skew__hover_enabled=&#8221;on|desktop&#8221; transform_origin__hover_enabled=&#8221;on|desktop&#8221; sticky_enabled=&#8221;0&#8243;]<\/p>\n<p>L\u00e4het\u00e4 erityisi\u00e4 kutsuja l\u00e4heisillesi, yst\u00e4villesi, liikekumppaneillesi ja ty\u00f6tovereillesi.<\/p>\n<p><a href=\"https:\/\/goprint.fi\/fi\/tuote\/postcards\/\">Painata postikortti &gt;<\/a><\/p>\n<p>[\/et_pb_blurb][\/et_pb_column][et_pb_column type=&#8221;1_3&#8243; _builder_version=&#8221;4.16&#8243; custom_padding=&#8221;|||&#8221; global_colors_info=&#8221;{}&#8221; custom_padding__hover=&#8221;|||&#8221;][et_pb_blurb title=&#8221;Julisteet&#8221; image=&#8221;https:\/\/goprint.fi\/wp-content\/uploads\/2021\/05\/goprint_poster.jpg&#8221; _builder_version=&#8221;4.20.4&#8243; _module_preset=&#8221;default&#8221; header_font=&#8221;|600|||||||&#8221; header_text_color=&#8221;#2e4dd4&#8243; body_link_text_color=&#8221;#ef4c00&#8243; background_color=&#8221;#FFFFFF&#8221; link_option_url=&#8221;https:\/\/goprint.fi\/product\/plakatid\/&#8221; hover_enabled=&#8221;0&#8243; border_radii=&#8221;on|15px|15px|15px|15px&#8221; border_color_all=&#8221;#c4c4c4&#8243; box_shadow_style=&#8221;preset3&#8243; box_shadow_vertical=&#8221;1px&#8221; global_colors_info=&#8221;{}&#8221; transform_styles__hover_enabled=&#8221;on|hover&#8221; transform_scale__hover=&#8221;102%|102%&#8221; transform_scale__hover_enabled=&#8221;on|hover&#8221; transform_translate__hover_enabled=&#8221;on|desktop&#8221; transform_rotate__hover_enabled=&#8221;on|desktop&#8221; transform_skew__hover_enabled=&#8221;on|desktop&#8221; transform_origin__hover_enabled=&#8221;on|desktop&#8221; sticky_enabled=&#8221;0&#8243;]<\/p>\n<p>Korosta visuaalista mielikuvaa, n\u00e4yt\u00e4 tyylisi ja suhtautumisesi tai ilmoita kaikille tapahtumastasi.<\/p>\n<p><a href=\"https:\/\/goprint.fi\/fi\/tuote\/posters\/\">Painata juliste &gt;<\/a><\/p>\n<p>[\/et_pb_blurb][\/et_pb_column][et_pb_column type=&#8221;1_3&#8243; _builder_version=&#8221;4.16&#8243; custom_padding=&#8221;|||&#8221; global_colors_info=&#8221;{}&#8221; custom_padding__hover=&#8221;|||&#8221;][et_pb_blurb title=&#8221;Roll-up -telineet&#8221; image=&#8221;https:\/\/goprint.fi\/wp-content\/uploads\/2021\/05\/goprint_rollup.jpg&#8221; _builder_version=&#8221;4.20.4&#8243; _module_preset=&#8221;default&#8221; header_font=&#8221;|600|||||||&#8221; header_text_color=&#8221;#2e4dd4&#8243; body_link_text_color=&#8221;#ef4c00&#8243; background_color=&#8221;#FFFFFF&#8221; link_option_url=&#8221;https:\/\/goprint.fi\/product\/roll-up\/&#8221; hover_enabled=&#8221;0&#8243; border_radii=&#8221;on|15px|15px|15px|15px&#8221; border_color_all=&#8221;#c4c4c4&#8243; box_shadow_style=&#8221;preset3&#8243; box_shadow_vertical=&#8221;1px&#8221; global_colors_info=&#8221;{}&#8221; transform_styles__hover_enabled=&#8221;on|hover&#8221; transform_scale__hover=&#8221;102%|102%&#8221; transform_scale__hover_enabled=&#8221;on|hover&#8221; transform_translate__hover_enabled=&#8221;on|desktop&#8221; transform_rotate__hover_enabled=&#8221;on|desktop&#8221; transform_skew__hover_enabled=&#8221;on|desktop&#8221; transform_origin__hover_enabled=&#8221;on|desktop&#8221; sticky_enabled=&#8221;0&#8243;]<\/p>\n<p>Tehokas ty\u00f6v\u00e4line viestin toimittamiseen, oman mielikuvan tukemiseen myym\u00e4l\u00e4ss\u00e4, tilaisuuksissa ja konferensseissa.<\/p>\n<p><a href=\"https:\/\/goprint.fi\/fi\/tuote\/roll-up\/\">Painata Roll-up -teline &gt;<\/a><\/p>\n<p>[\/et_pb_blurb][\/et_pb_column][\/et_pb_row][\/et_pb_section][et_pb_section fb_built=&#8221;1&#8243; _builder_version=&#8221;4.16&#8243; _module_preset=&#8221;default&#8221; background_image=&#8221;https:\/\/goprint.fi\/wp-content\/uploads\/2021\/06\/design___.jpg&#8221; background_position=&#8221;center_right&#8221; custom_padding=&#8221;0px|||||&#8221; background_last_edited=&#8221;on|desktop&#8221; parallax_tablet=&#8221;off&#8221; background_size_phone=&#8221;contain&#8221; background_position_tablet=&#8221;center_right&#8221; background_position_phone=&#8221;bottom_right&#8221; filter_opacity_tablet=&#8221;100%&#8221; filter_opacity_phone=&#8221;&#8221; filter_opacity_last_edited=&#8221;on|desktop&#8221; saved_tabs=&#8221;all&#8221; global_colors_info=&#8221;{}&#8221;][et_pb_row column_structure=&#8221;2_3,1_3&#8243; _builder_version=&#8221;4.16&#8243; _module_preset=&#8221;default&#8221; custom_padding=&#8221;42px|||||&#8221; global_colors_info=&#8221;{}&#8221;][et_pb_column type=&#8221;2_3&#8243; _builder_version=&#8221;4.16&#8243; _module_preset=&#8221;default&#8221; global_colors_info=&#8221;{}&#8221;][\/et_pb_column][et_pb_column type=&#8221;1_3&#8243; _builder_version=&#8221;4.16&#8243; _module_preset=&#8221;default&#8221; global_colors_info=&#8221;{}&#8221;][et_pb_text content_tablet=&#8221;<\/p>\n<\/p>\n<h4 style=%22text-align: center;%22><span style=%22color: #ff6600;%22>PERSONAALNE KUJUNDUS, MIS PANEB TR\u00dcKISE S\u00c4RAMA<\/span><\/h4>\n<p style=%22text-align: center;%22><span style=%22color: #ffffff;%22>Go Prindi professionaalsed kujundajad loovad Sulle unikaalse kujunduse, mis teeb Su tr\u00fckise pilkup\u00fc\u00fcdvaks ja t\u00f5stab selle esile.<\/span><\/p>\n<p style=%22text-align: center;%22><span style=%22color: #ffffff;%22><a href=%22https:\/\/goprint.fi\/wp-content\/uploads\/2021\/06\/right-arrow.svg%22 style=%22color: #ffffff;%22><img class=%22wp-image-3071 alignnone %22 src=%22https:\/\/goprint.fi\/wp-content\/uploads\/2021\/06\/right-arrow.svg%22 alt=%22%22 width=%2213%22 height=%2213%22 \/><\/a> <a href=%22\/product\/sinu-trukise-kujundus\/%22 style=%22color: #ffffff;%22>Telli kujundus<\/a><\/span><\/p>\n<\/p>\n<p>&#8221; content_phone=&#8221;<\/p>\n<h4 style=%22text-align: center;%22><span style=%22color: #ff6600;%22>PERSONAL DESIGN THAT MAKES THE PRINT<\/span><\/h4>\n<p style=%22text-align: center;%22><span style=%22color: #333333;%22><a href=%22https:\/\/goprint.fi\/wp-content\/uploads\/2021\/06\/right-arrow.svg%22 style=%22color: #333333;%22><img class=%22wp-image-3071 alignnone %22 src=%22https:\/\/goprint.fi\/wp-content\/uploads\/2021\/06\/right-arrow.svg%22 alt=%22%22 width=%2213%22 height=%2213%22 \/><\/a> <a href=%22https:\/\/goprint.fi\/en\/product\/the-design-of-your-publication\/%22 style=%22color: #333333;%22>Telli kujundus<\/a><\/span><\/p>\n<p>&#8221; content_last_edited=&#8221;on|phone&#8221; _builder_version=&#8221;4.20.4&#8243; _module_preset=&#8221;default&#8221; link_font=&#8221;|||on|||||&#8221; link_text_color=&#8221;#000000&#8243; header_4_font=&#8221;|600||on|||||&#8221; header_4_text_align=&#8221;left&#8221; header_4_text_color=&#8221;#FFFFFF&#8221; header_4_font_size=&#8221;20px&#8221; header_4_line_height=&#8221;1.2em&#8221; hover_enabled=&#8221;0&#8243; global_colors_info=&#8221;{}&#8221; sticky_enabled=&#8221;0&#8243;]<\/p>\n<h4><span style=\"color: #ff6600;\">YKSIL\u00d6LLINEN MUOTOILU, JOKA SAA PAINOTUOTTEEN S\u00c4TEILEM\u00c4\u00c4N<\/span><\/h4>\n<p><span style=\"color: #ffffff;\">Ammattitaitoiset muotoilijamme luovat ainutlaatuisen muotoilun, joka saa painotuotteesi huomiota her\u00e4tt\u00e4v\u00e4ksi ja nostaa sen esiin.<\/span><\/p>\n<p><a href=\"https:\/\/goprint.fi\/wp-content\/uploads\/2021\/06\/right-arrow.svg\"><img loading=\"lazy\" decoding=\"async\" class=\"wp-image-3071 alignnone \" src=\"https:\/\/goprint.fi\/wp-content\/uploads\/2021\/06\/right-arrow.svg\" alt=\"\" width=\"13\" height=\"13\" \/><\/a> <span style=\"color: #800080;\"><a style=\"color: #800080;\" href=\"https:\/\/goprint.fi\/fi\/tuote\/the-design-of-your-publication\/\">TILAA MUOTOILU<\/a><\/span><\/p>\n<p>[\/et_pb_text][\/et_pb_column][\/et_pb_row][\/et_pb_section]<\/p>\n","protected":false},"excerpt":{"rendered":"<p>&#8220;Always live in colour&#8221;~There is always the perfect reason to printPrintParas tapa ensivaikutelman luomiseen. Painata matta- tai kiiltopaperille, my\u00f6s muut vaikutelmat mahdollisia. Painata k\u00e4yntikortti &gt;Paras tapa esitell\u00e4 ohikulkijalle omaa tuotetta\/palvelua on antaa h\u00e4nelle flyer. Painata flyer &gt;Taitettu esite on erinomainen mahdollisuus v\u00e4litt\u00e4\u00e4 asiakkaille tietoa omista tuotteista\/palveluista. Painata taitettu esite &gt;L\u00e4het\u00e4 erityisi\u00e4 kutsuja l\u00e4heisillesi, yst\u00e4villesi, liikekumppaneillesi [&hellip;]<\/p>\n","protected":false},"author":1,"featured_media":0,"parent":0,"menu_order":0,"comment_status":"closed","ping_status":"open","template":"","meta":{"_et_pb_use_builder":"on","_et_pb_old_content":"","_et_gb_content_width":"","inline_featured_image":false,"footnotes":""},"class_list":["post-9199","page","type-page","status-publish","hentry"],"yoast_head":"<!-- This site is optimized with the Yoast SEO plugin v24.7 - https:\/\/yoast.com\/wordpress\/plugins\/seo\/ -->\n<title>Print - GoPrint<\/title>\n<meta name=\"robots\" content=\"noindex, follow, max-snippet:-1, max-image-preview:large, max-video-preview:-1\" \/>\n<meta property=\"og:locale\" content=\"fi_FI\" \/>\n<meta property=\"og:type\" content=\"article\" \/>\n<meta property=\"og:title\" content=\"Print - GoPrint\" \/>\n<meta property=\"og:description\" content=\"&quot;Always live in colour&quot;~There is always the perfect reason to printPrintParas tapa ensivaikutelman luomiseen. Painata matta- tai kiiltopaperille, my\u00f6s muut vaikutelmat mahdollisia. Painata k\u00e4yntikortti &gt;Paras tapa esitell\u00e4 ohikulkijalle omaa tuotetta\/palvelua on antaa h\u00e4nelle flyer. Painata flyer &gt;Taitettu esite on erinomainen mahdollisuus v\u00e4litt\u00e4\u00e4 asiakkaille tietoa omista tuotteista\/palveluista. Painata taitettu esite &gt;L\u00e4het\u00e4 erityisi\u00e4 kutsuja l\u00e4heisillesi, yst\u00e4villesi, liikekumppaneillesi [&hellip;]\" \/>\n<meta property=\"og:url\" content=\"https:\/\/goprint.fi\/fi\/shop\/\" \/>\n<meta property=\"og:site_name\" content=\"GoPrint\" \/>\n<meta property=\"article:modified_time\" content=\"2023-12-29T12:07:18+00:00\" \/>\n<meta property=\"og:image\" content=\"https:\/\/goprint.fi\/wp-content\/uploads\/2021\/06\/right-arrow.svg\" \/>\n<meta name=\"twitter:card\" content=\"summary_large_image\" \/>\n<meta name=\"twitter:label1\" content=\"Arvioitu lukuaika\" \/>\n\t<meta name=\"twitter:data1\" content=\"3 minuuttia\" \/>\n<script type=\"application\/ld+json\" class=\"yoast-schema-graph\">{\"@context\":\"https:\/\/schema.org\",\"@graph\":[{\"@type\":\"WebPage\",\"@id\":\"https:\/\/goprint.fi\/fi\/shop\/\",\"url\":\"https:\/\/goprint.fi\/fi\/shop\/\",\"name\":\"Print - GoPrint\",\"isPartOf\":{\"@id\":\"https:\/\/goprint.fi\/#website\"},\"primaryImageOfPage\":{\"@id\":\"https:\/\/goprint.fi\/fi\/shop\/#primaryimage\"},\"image\":{\"@id\":\"https:\/\/goprint.fi\/fi\/shop\/#primaryimage\"},\"thumbnailUrl\":\"https:\/\/goprint.fi\/wp-content\/uploads\/2021\/06\/right-arrow.svg\",\"datePublished\":\"2022-01-20T05:41:05+00:00\",\"dateModified\":\"2023-12-29T12:07:18+00:00\",\"breadcrumb\":{\"@id\":\"https:\/\/goprint.fi\/fi\/shop\/#breadcrumb\"},\"inLanguage\":\"fi\",\"potentialAction\":[{\"@type\":\"ReadAction\",\"target\":[\"https:\/\/goprint.fi\/fi\/shop\/\"]}]},{\"@type\":\"ImageObject\",\"inLanguage\":\"fi\",\"@id\":\"https:\/\/goprint.fi\/fi\/shop\/#primaryimage\",\"url\":\"https:\/\/goprint.fi\/wp-content\/uploads\/2021\/06\/right-arrow.svg\",\"contentUrl\":\"https:\/\/goprint.fi\/wp-content\/uploads\/2021\/06\/right-arrow.svg\"},{\"@type\":\"BreadcrumbList\",\"@id\":\"https:\/\/goprint.fi\/fi\/shop\/#breadcrumb\",\"itemListElement\":[{\"@type\":\"ListItem\",\"position\":1,\"name\":\"Home\",\"item\":\"https:\/\/goprint.fi\/\"},{\"@type\":\"ListItem\",\"position\":2,\"name\":\"Print\"}]},{\"@type\":\"WebSite\",\"@id\":\"https:\/\/goprint.fi\/#website\",\"url\":\"https:\/\/goprint.fi\/\",\"name\":\"GoPrint\",\"description\":\"Arvutage ja tellige prinditeenused otse veebist\",\"potentialAction\":[{\"@type\":\"SearchAction\",\"target\":{\"@type\":\"EntryPoint\",\"urlTemplate\":\"https:\/\/goprint.fi\/?s={search_term_string}\"},\"query-input\":{\"@type\":\"PropertyValueSpecification\",\"valueRequired\":true,\"valueName\":\"search_term_string\"}}],\"inLanguage\":\"fi\"}]}<\/script>\n<!-- \/ Yoast SEO plugin. -->","yoast_head_json":{"title":"Print - GoPrint","robots":{"index":"noindex","follow":"follow","max-snippet":"max-snippet:-1","max-image-preview":"max-image-preview:large","max-video-preview":"max-video-preview:-1"},"og_locale":"fi_FI","og_type":"article","og_title":"Print - GoPrint","og_description":"\"Always live in colour\"~There is always the perfect reason to printPrintParas tapa ensivaikutelman luomiseen. Painata matta- tai kiiltopaperille, my\u00f6s muut vaikutelmat mahdollisia. Painata k\u00e4yntikortti &gt;Paras tapa esitell\u00e4 ohikulkijalle omaa tuotetta\/palvelua on antaa h\u00e4nelle flyer. Painata flyer &gt;Taitettu esite on erinomainen mahdollisuus v\u00e4litt\u00e4\u00e4 asiakkaille tietoa omista tuotteista\/palveluista. Painata taitettu esite &gt;L\u00e4het\u00e4 erityisi\u00e4 kutsuja l\u00e4heisillesi, yst\u00e4villesi, liikekumppaneillesi [&hellip;]","og_url":"https:\/\/goprint.fi\/fi\/shop\/","og_site_name":"GoPrint","article_modified_time":"2023-12-29T12:07:18+00:00","og_image":[{"url":"https:\/\/goprint.fi\/wp-content\/uploads\/2021\/06\/right-arrow.svg","type":"","width":"","height":""}],"twitter_card":"summary_large_image","twitter_misc":{"Arvioitu lukuaika":"3 minuuttia"},"schema":{"@context":"https:\/\/schema.org","@graph":[{"@type":"WebPage","@id":"https:\/\/goprint.fi\/fi\/shop\/","url":"https:\/\/goprint.fi\/fi\/shop\/","name":"Print - GoPrint","isPartOf":{"@id":"https:\/\/goprint.fi\/#website"},"primaryImageOfPage":{"@id":"https:\/\/goprint.fi\/fi\/shop\/#primaryimage"},"image":{"@id":"https:\/\/goprint.fi\/fi\/shop\/#primaryimage"},"thumbnailUrl":"https:\/\/goprint.fi\/wp-content\/uploads\/2021\/06\/right-arrow.svg","datePublished":"2022-01-20T05:41:05+00:00","dateModified":"2023-12-29T12:07:18+00:00","breadcrumb":{"@id":"https:\/\/goprint.fi\/fi\/shop\/#breadcrumb"},"inLanguage":"fi","potentialAction":[{"@type":"ReadAction","target":["https:\/\/goprint.fi\/fi\/shop\/"]}]},{"@type":"ImageObject","inLanguage":"fi","@id":"https:\/\/goprint.fi\/fi\/shop\/#primaryimage","url":"https:\/\/goprint.fi\/wp-content\/uploads\/2021\/06\/right-arrow.svg","contentUrl":"https:\/\/goprint.fi\/wp-content\/uploads\/2021\/06\/right-arrow.svg"},{"@type":"BreadcrumbList","@id":"https:\/\/goprint.fi\/fi\/shop\/#breadcrumb","itemListElement":[{"@type":"ListItem","position":1,"name":"Home","item":"https:\/\/goprint.fi\/"},{"@type":"ListItem","position":2,"name":"Print"}]},{"@type":"WebSite","@id":"https:\/\/goprint.fi\/#website","url":"https:\/\/goprint.fi\/","name":"GoPrint","description":"Arvutage ja tellige prinditeenused otse veebist","potentialAction":[{"@type":"SearchAction","target":{"@type":"EntryPoint","urlTemplate":"https:\/\/goprint.fi\/?s={search_term_string}"},"query-input":{"@type":"PropertyValueSpecification","valueRequired":true,"valueName":"search_term_string"}}],"inLanguage":"fi"}]}},"_links":{"self":[{"href":"https:\/\/goprint.fi\/fi\/wp-json\/wp\/v2\/pages\/9199","targetHints":{"allow":["GET"]}}],"collection":[{"href":"https:\/\/goprint.fi\/fi\/wp-json\/wp\/v2\/pages"}],"about":[{"href":"https:\/\/goprint.fi\/fi\/wp-json\/wp\/v2\/types\/page"}],"author":[{"embeddable":true,"href":"https:\/\/goprint.fi\/fi\/wp-json\/wp\/v2\/users\/1"}],"replies":[{"embeddable":true,"href":"https:\/\/goprint.fi\/fi\/wp-json\/wp\/v2\/comments?post=9199"}],"version-history":[{"count":5,"href":"https:\/\/goprint.fi\/fi\/wp-json\/wp\/v2\/pages\/9199\/revisions"}],"predecessor-version":[{"id":9209,"href":"https:\/\/goprint.fi\/fi\/wp-json\/wp\/v2\/pages\/9199\/revisions\/9209"}],"wp:attachment":[{"href":"https:\/\/goprint.fi\/fi\/wp-json\/wp\/v2\/media?parent=9199"}],"curies":[{"name":"wp","href":"https:\/\/api.w.org\/{rel}","templated":true}]}}