{"id":9114,"date":"2022-01-20T09:47:47","date_gmt":"2022-01-20T06:47:47","guid":{"rendered":"https:\/\/goprint.fi\/special-offers-2\/"},"modified":"2023-12-29T12:34:34","modified_gmt":"2023-12-29T09:34:34","slug":"special-offers-2","status":"publish","type":"page","link":"https:\/\/goprint.fi\/fi\/special-offers-2\/","title":{"rendered":"Erikoistarjoukset"},"content":{"rendered":"<p>[et_pb_section fb_built=&#8221;1&#8243; _builder_version=&#8221;4.16&#8243; _module_preset=&#8221;default&#8221; custom_padding=&#8221;0px||0px||true|&#8221; global_colors_info=&#8221;{}&#8221;][et_pb_row _builder_version=&#8221;4.16&#8243; _module_preset=&#8221;default&#8221; background_image=&#8221;https:\/\/goprint.fi\/wp-content\/uploads\/2021\/05\/print_offer_banner__.jpg&#8221; custom_margin=&#8221;35px||35px||false|false&#8221; custom_padding=&#8221;81px||81px|55px|true|false&#8221; border_radii=&#8221;on|25px|25px|25px|25px&#8221; box_shadow_style=&#8221;preset3&#8243; box_shadow_vertical=&#8221;1px&#8221; global_colors_info=&#8221;{}&#8221;][et_pb_column type=&#8221;4_4&#8243; _builder_version=&#8221;4.16&#8243; _module_preset=&#8221;default&#8221; global_colors_info=&#8221;{}&#8221;][et_pb_text _builder_version=&#8221;4.20.4&#8243; _module_preset=&#8221;default&#8221; header_2_font=&#8221;|700|||||||&#8221; header_2_text_color=&#8221;#FFFFFF&#8221; header_2_font_size=&#8221;60px&#8221; width=&#8221;90%&#8221; custom_margin=&#8221;||0px||false|false&#8221; hover_enabled=&#8221;0&#8243; global_colors_info=&#8221;{}&#8221; sticky_enabled=&#8221;0&#8243;]<\/p>\n<h2>&#8220;Erikoistarjous juuri sinulle&#8221;<\/h2>\n<p>[\/et_pb_text][\/et_pb_column][\/et_pb_row][\/et_pb_section][et_pb_section fb_built=&#8221;1&#8243; disabled_on=&#8221;off|off|off&#8221; module_id=&#8221;shop-layout&#8221; _builder_version=&#8221;4.16&#8243; custom_padding=&#8221;79px||||false|false&#8221; saved_tabs=&#8221;all&#8221; global_colors_info=&#8221;{}&#8221;][et_pb_row _builder_version=&#8221;4.16&#8243; custom_padding=&#8221;0px||35px||false|&#8221; global_colors_info=&#8221;{}&#8221;][et_pb_column type=&#8221;4_4&#8243; _builder_version=&#8221;4.16&#8243; custom_padding=&#8221;|||&#8221; global_colors_info=&#8221;{}&#8221; custom_padding__hover=&#8221;|||&#8221;][et_pb_text _builder_version=&#8221;4.20.4&#8243; _module_preset=&#8221;default&#8221; header_3_font=&#8221;|700||on|||||&#8221; header_3_text_color=&#8221;#ef4c00&#8243; custom_margin=&#8221;||-1px|||&#8221; hover_enabled=&#8221;0&#8243; global_colors_info=&#8221;{}&#8221; sticky_enabled=&#8221;0&#8243;]<\/p>\n<h3>ERIKOISTARJOUKSET<\/h3>\n<p>[\/et_pb_text][\/et_pb_column][\/et_pb_row][et_pb_row column_structure=&#8221;1_3,1_3,1_3&#8243; use_custom_gutter=&#8221;on&#8221; gutter_width=&#8221;2&#8243; module_id=&#8221;shop-items&#8221; _builder_version=&#8221;4.16&#8243; custom_padding=&#8221;0px||0px||true|&#8221; global_colors_info=&#8221;{}&#8221;][et_pb_column type=&#8221;1_3&#8243; _builder_version=&#8221;4.16&#8243; custom_padding=&#8221;|||&#8221; global_colors_info=&#8221;{}&#8221; custom_padding__hover=&#8221;|||&#8221;][et_pb_blurb title=&#8221;K\u00e4yntikortit &#8221; image=&#8221;https:\/\/goprint.fi\/wp-content\/uploads\/2021\/05\/goprint_business_card.jpg&#8221; _builder_version=&#8221;4.20.4&#8243; _module_preset=&#8221;default&#8221; header_font=&#8221;|600|||||||&#8221; header_text_color=&#8221;#2e4dd4&#8243; transform_scale_tablet=&#8221;102%|102%&#8221; transform_scale_phone=&#8221;102%|102%&#8221; transform_scale_last_edited=&#8221;on|desktop&#8221; transform_translate_tablet=&#8221;&#8221; transform_translate_phone=&#8221;&#8221; transform_translate_last_edited=&#8221;on|desktop&#8221; transform_rotate_tablet=&#8221;&#8221; transform_rotate_phone=&#8221;&#8221; transform_rotate_last_edited=&#8221;on|desktop&#8221; transform_skew_tablet=&#8221;&#8221; transform_skew_phone=&#8221;&#8221; transform_skew_last_edited=&#8221;on|desktop&#8221; transform_origin_tablet=&#8221;&#8221; transform_origin_phone=&#8221;&#8221; transform_origin_last_edited=&#8221;on|desktop&#8221; transform_styles_last_edited=&#8221;on|desktop&#8221; custom_padding=&#8221;|||0px|false|false&#8221; link_option_url=&#8221;https:\/\/goprint.fi\/product\/business-card-standard-300pcs-only-24-e\/&#8221; hover_enabled=&#8221;0&#8243; transform_styles_tablet=&#8221;&#8221; transform_styles_phone=&#8221;&#8221; border_radii=&#8221;on|25px|25px|25px|25px&#8221; border_color_all=&#8221;#ededed&#8221; box_shadow_style=&#8221;preset3&#8243; box_shadow_vertical=&#8221;1px&#8221; global_colors_info=&#8221;{}&#8221; transform_styles__hover_enabled=&#8221;on|hover&#8221; transform_scale__hover_enabled=&#8221;on|hover&#8221; transform_translate__hover_enabled=&#8221;on|desktop&#8221; transform_rotate__hover_enabled=&#8221;on|desktop&#8221; transform_skew__hover_enabled=&#8221;on|desktop&#8221; transform_origin__hover_enabled=&#8221;on|desktop&#8221; transform_scale__hover=&#8221;102%|102%&#8221; sticky_enabled=&#8221;0&#8243;]<\/p>\n<div class=\"delivery\"><img loading=\"lazy\" decoding=\"async\" class=\"clock\" src=\"https:\/\/goprint.fi\/wp-content\/uploads\/2021\/06\/clock.svg\" alt=\"\" width=\"15\" height=\"15\" \/> 2-3 p\u00e4iv\u00e4ss\u00e4<\/div>\n<p><strong>Koko:<\/strong> 90\u044550 mm<br \/><strong>Painatus:<\/strong> yksipuolinen<br \/><strong>Paperi:<\/strong> 300 kpl maksaa 24 euroa<\/p>\n<p>Hinta: 300 kpl maksaa 24 euroa<\/p>\n<p><a class=\"button-blurb\" href=\"https:\/\/goprint.fi\/fi\/tuote\/business-card-standard-300pcs-only-24-e\/\"><img decoding=\"async\" src=\"https:\/\/goprint.fi\/wp-content\/uploads\/2021\/08\/shopping-cart.svg\" \/>Tilaa<\/a><\/p>\n<p>[\/et_pb_blurb][\/et_pb_column][et_pb_column type=&#8221;1_3&#8243; _builder_version=&#8221;4.16&#8243; custom_padding=&#8221;|||&#8221; global_colors_info=&#8221;{}&#8221; custom_padding__hover=&#8221;|||&#8221;][et_pb_blurb title=&#8221;A5 flyer&#8221; image=&#8221;https:\/\/goprint.fi\/wp-content\/uploads\/2021\/05\/goprint_postcard_.jpg&#8221; _builder_version=&#8221;4.20.4&#8243; _module_preset=&#8221;default&#8221; header_font=&#8221;|600|||||||&#8221; header_text_color=&#8221;#2e4dd4&#8243; transform_scale_tablet=&#8221;102%|102%&#8221; transform_scale_phone=&#8221;102%|102%&#8221; transform_scale_last_edited=&#8221;on|desktop&#8221; transform_translate_tablet=&#8221;&#8221; transform_translate_phone=&#8221;&#8221; transform_translate_last_edited=&#8221;on|desktop&#8221; transform_rotate_tablet=&#8221;&#8221; transform_rotate_phone=&#8221;&#8221; transform_rotate_last_edited=&#8221;on|desktop&#8221; transform_skew_tablet=&#8221;&#8221; transform_skew_phone=&#8221;&#8221; transform_skew_last_edited=&#8221;on|desktop&#8221; transform_origin_tablet=&#8221;&#8221; transform_origin_phone=&#8221;&#8221; transform_origin_last_edited=&#8221;on|desktop&#8221; transform_styles_last_edited=&#8221;on|desktop&#8221; custom_padding=&#8221;|||0px|false|false&#8221; link_option_url=&#8221;https:\/\/goprint.fi\/product\/a5-flaier-500-tk-vaid-42e\/ &#8221; hover_enabled=&#8221;0&#8243; transform_styles_tablet=&#8221;&#8221; transform_styles_phone=&#8221;&#8221; border_radii=&#8221;on|25px|25px|25px|25px&#8221; border_color_all=&#8221;#ededed&#8221; box_shadow_style=&#8221;preset3&#8243; box_shadow_vertical=&#8221;1px&#8221; global_colors_info=&#8221;{}&#8221; transform_styles__hover_enabled=&#8221;on|hover&#8221; transform_scale__hover=&#8221;102%|102%&#8221; transform_scale__hover_enabled=&#8221;on|hover&#8221; transform_translate__hover_enabled=&#8221;on|desktop&#8221; transform_rotate__hover_enabled=&#8221;on|desktop&#8221; transform_skew__hover_enabled=&#8221;on|desktop&#8221; transform_origin__hover_enabled=&#8221;on|desktop&#8221; sticky_enabled=&#8221;0&#8243;]<\/p>\n<div class=\"delivery\"><img loading=\"lazy\" decoding=\"async\" class=\"clock\" src=\"https:\/\/goprint.fi\/wp-content\/uploads\/2021\/06\/clock.svg\" alt=\"\" width=\"15\" height=\"15\" \/> 2-3 p\u00e4iv\u00e4ss\u00e4<\/div>\n<p><strong>Koko:<\/strong> 148&#215;210 mm (A5)<br \/><strong>Painatus:<\/strong> Yksipuolinen<br \/><strong>Paperi:<\/strong> 150 g puolimatta<\/p>\n<p>Hinta: 500 kpl maksaa 42 euroa<\/p>\n<p><a class=\"button-blurb\" href=\"https:\/\/goprint.fi\/product\/a5-flyer-500-pcs-only-42-e\/\"><img decoding=\"async\" src=\"https:\/\/goprint.fi\/wp-content\/uploads\/2021\/08\/shopping-cart.svg\" \/>Tilaa<\/a><\/p>\n<p>[\/et_pb_blurb][\/et_pb_column][et_pb_column type=&#8221;1_3&#8243; _builder_version=&#8221;4.16&#8243; custom_padding=&#8221;|||&#8221; global_colors_info=&#8221;{}&#8221; custom_padding__hover=&#8221;|||&#8221;][et_pb_blurb title=&#8221;Roll-Up&#8221; image=&#8221;https:\/\/goprint.fi\/wp-content\/uploads\/2021\/05\/goprint_rollup.jpg&#8221; _builder_version=&#8221;4.20.4&#8243; _module_preset=&#8221;default&#8221; header_font=&#8221;|600|||||||&#8221; header_text_color=&#8221;#2e4dd4&#8243; transform_scale_tablet=&#8221;102%|102%&#8221; transform_scale_phone=&#8221;102%|102%&#8221; transform_scale_last_edited=&#8221;on|desktop&#8221; transform_translate_tablet=&#8221;&#8221; transform_translate_phone=&#8221;&#8221; transform_translate_last_edited=&#8221;on|desktop&#8221; transform_rotate_tablet=&#8221;&#8221; transform_rotate_phone=&#8221;&#8221; transform_rotate_last_edited=&#8221;on|desktop&#8221; transform_skew_tablet=&#8221;&#8221; transform_skew_phone=&#8221;&#8221; transform_skew_last_edited=&#8221;on|desktop&#8221; transform_origin_tablet=&#8221;&#8221; transform_origin_phone=&#8221;&#8221; transform_origin_last_edited=&#8221;on|desktop&#8221; transform_styles_last_edited=&#8221;on|desktop&#8221; custom_padding=&#8221;|||0px|false|false&#8221; link_option_url=&#8221;https:\/\/goprint.fi\/product\/roll-up-850\u0445200-ainult-45-e\/&#8221; hover_enabled=&#8221;0&#8243; transform_styles_tablet=&#8221;&#8221; transform_styles_phone=&#8221;&#8221; border_radii=&#8221;on|25px|25px|25px|25px&#8221; border_color_all=&#8221;#ededed&#8221; box_shadow_style=&#8221;preset3&#8243; box_shadow_vertical=&#8221;1px&#8221; global_colors_info=&#8221;{}&#8221; transform_styles__hover_enabled=&#8221;on|hover&#8221; transform_scale__hover=&#8221;102%|102%&#8221; transform_scale__hover_enabled=&#8221;on|hover&#8221; transform_translate__hover_enabled=&#8221;on|desktop&#8221; transform_rotate__hover_enabled=&#8221;on|desktop&#8221; transform_skew__hover_enabled=&#8221;on|desktop&#8221; transform_origin__hover_enabled=&#8221;on|desktop&#8221; sticky_enabled=&#8221;0&#8243;]<\/p>\n<div class=\"delivery\"><img loading=\"lazy\" decoding=\"async\" class=\"clock\" src=\"https:\/\/goprint.fi\/wp-content\/uploads\/2021\/06\/clock.svg\" alt=\"\" width=\"15\" height=\"15\" \/> 1-2 p\u00e4iv\u00e4ss\u00e4<\/div>\n<p><strong>Koko:<\/strong> 850\u0445200 mm<br \/><strong>Painatus:<\/strong> One-sided<br \/><strong>Paperi:<\/strong> roll-up fabric<\/p>\n<p>Hinta: 1 kpl maksaa 45 euroa<\/p>\n<p><a class=\"button-blurb\" href=\"https:\/\/goprint.fi\/fi\/tuote\/roll-up-850%d1%85200-only-65-e\/\"><img decoding=\"async\" src=\"https:\/\/goprint.fi\/wp-content\/uploads\/2021\/08\/shopping-cart.svg\" \/>Tilaa<\/a><\/p>\n<p>[\/et_pb_blurb][\/et_pb_column][\/et_pb_row][\/et_pb_section][et_pb_section fb_built=&#8221;1&#8243; _builder_version=&#8221;4.16&#8243; _module_preset=&#8221;default&#8221; background_image=&#8221;https:\/\/goprint.fi\/wp-content\/uploads\/2021\/06\/design___.jpg&#8221; background_last_edited=&#8221;on|phone&#8221; background_image_phone=&#8221;https:\/\/goprint.fi\/wp-content\/uploads\/2021\/08\/bg2.png&#8221; background_enable_image_phone=&#8221;on&#8221; global_colors_info=&#8221;{}&#8221;][et_pb_row column_structure=&#8221;2_3,1_3&#8243; _builder_version=&#8221;4.16&#8243; _module_preset=&#8221;default&#8221; global_colors_info=&#8221;{}&#8221;][et_pb_column type=&#8221;2_3&#8243; _builder_version=&#8221;4.16&#8243; _module_preset=&#8221;default&#8221; global_colors_info=&#8221;{}&#8221;][\/et_pb_column][et_pb_column type=&#8221;1_3&#8243; _builder_version=&#8221;4.16&#8243; _module_preset=&#8221;default&#8221; global_colors_info=&#8221;{}&#8221;][et_pb_text _builder_version=&#8221;4.20.4&#8243; _module_preset=&#8221;default&#8221; link_font=&#8221;|||on|||||&#8221; link_text_color=&#8221;#000000&#8243; header_4_font=&#8221;|600||on|||||&#8221; header_4_text_align=&#8221;left&#8221; header_4_text_color=&#8221;#FFFFFF&#8221; header_4_font_size=&#8221;20px&#8221; header_4_line_height=&#8221;1.2em&#8221; hover_enabled=&#8221;0&#8243; global_colors_info=&#8221;{}&#8221; sticky_enabled=&#8221;0&#8243;]<\/p>\n<h4>YKSIL\u00d6LLINEN MUOTOILU, JOKA SAA PAINOTUOTTEEN S\u00c4TEILEM\u00c4\u00c4N<\/h4>\n<p>Ammattitaitoiset muotoilijamme luovat ainutlaatuisen muotoilun, joka saa painotuotteesi huomiota her\u00e4tt\u00e4v\u00e4ksi ja nostaa sen esiin.<\/p>\n<p><a href=\"https:\/\/goprint.fi\/wp-content\/uploads\/2021\/06\/right-arrow.svg\"><img loading=\"lazy\" decoding=\"async\" class=\"wp-image-3071 alignnone \" src=\"https:\/\/goprint.fi\/wp-content\/uploads\/2021\/06\/right-arrow.svg\" alt=\"\" width=\"13\" height=\"13\" \/><\/a><a href=\"https:\/\/goprint.fi\/fi\/tuote\/the-design-of-your-publication\/\"> TILAA MUOTOILU<\/a><\/p>\n<p>[\/et_pb_text][\/et_pb_column][\/et_pb_row][\/et_pb_section]<\/p>\n","protected":false},"excerpt":{"rendered":"<p>&#8220;Erikoistarjous juuri sinulle&#8221;ERIKOISTARJOUKSET 2-3 p\u00e4iv\u00e4ss\u00e4 Koko: 90\u044550 mmPainatus: yksipuolinenPaperi: 300 kpl maksaa 24 euroa Hinta: 300 kpl maksaa 24 euroa Tilaa 2-3 p\u00e4iv\u00e4ss\u00e4 Koko: 148&#215;210 mm (A5)Painatus: YksipuolinenPaperi: 150 g puolimatta Hinta: 500 kpl maksaa 42 euroa Tilaa 1-2 p\u00e4iv\u00e4ss\u00e4 Koko: 850\u0445200 mmPainatus: One-sidedPaperi: roll-up fabric Hinta: 1 kpl maksaa 45 euroa TilaaYKSIL\u00d6LLINEN MUOTOILU, JOKA [&hellip;]<\/p>\n","protected":false},"author":2,"featured_media":0,"parent":0,"menu_order":0,"comment_status":"closed","ping_status":"open","template":"","meta":{"_et_pb_use_builder":"on","_et_pb_old_content":"","_et_gb_content_width":"","inline_featured_image":false,"footnotes":""},"class_list":["post-9114","page","type-page","status-publish","hentry"],"yoast_head":"<!-- This site is optimized with the Yoast SEO plugin v24.7 - https:\/\/yoast.com\/wordpress\/plugins\/seo\/ -->\n<title>Erikoistarjoukset - GoPrint<\/title>\n<meta name=\"robots\" content=\"noindex, follow, max-snippet:-1, max-image-preview:large, max-video-preview:-1\" \/>\n<meta property=\"og:locale\" content=\"fi_FI\" \/>\n<meta property=\"og:type\" content=\"article\" \/>\n<meta property=\"og:title\" content=\"Erikoistarjoukset - GoPrint\" \/>\n<meta property=\"og:description\" content=\"&quot;Erikoistarjous juuri sinulle&quot;ERIKOISTARJOUKSET 2-3 p\u00e4iv\u00e4ss\u00e4 Koko: 90\u044550 mmPainatus: yksipuolinenPaperi: 300 kpl maksaa 24 euroa Hinta: 300 kpl maksaa 24 euroa Tilaa 2-3 p\u00e4iv\u00e4ss\u00e4 Koko: 148x210 mm (A5)Painatus: YksipuolinenPaperi: 150 g puolimatta Hinta: 500 kpl maksaa 42 euroa Tilaa 1-2 p\u00e4iv\u00e4ss\u00e4 Koko: 850\u0445200 mmPainatus: One-sidedPaperi: roll-up fabric Hinta: 1 kpl maksaa 45 euroa TilaaYKSIL\u00d6LLINEN MUOTOILU, JOKA [&hellip;]\" \/>\n<meta property=\"og:url\" content=\"https:\/\/goprint.fi\/special-offers-2\/\" \/>\n<meta property=\"og:site_name\" content=\"GoPrint\" \/>\n<meta property=\"article:modified_time\" content=\"2023-12-29T09:34:34+00:00\" \/>\n<meta property=\"og:image\" content=\"https:\/\/goprint.fi\/wp-content\/uploads\/2021\/06\/clock.svg\" \/>\n<meta name=\"twitter:card\" content=\"summary_large_image\" \/>\n<meta name=\"twitter:label1\" content=\"Arvioitu lukuaika\" \/>\n\t<meta name=\"twitter:data1\" content=\"3 minuuttia\" \/>\n<script type=\"application\/ld+json\" class=\"yoast-schema-graph\">{\"@context\":\"https:\/\/schema.org\",\"@graph\":[{\"@type\":\"WebPage\",\"@id\":\"https:\/\/goprint.fi\/special-offers-2\/\",\"url\":\"https:\/\/goprint.fi\/special-offers-2\/\",\"name\":\"Erikoistarjoukset - GoPrint\",\"isPartOf\":{\"@id\":\"https:\/\/goprint.fi\/#website\"},\"primaryImageOfPage\":{\"@id\":\"https:\/\/goprint.fi\/special-offers-2\/#primaryimage\"},\"image\":{\"@id\":\"https:\/\/goprint.fi\/special-offers-2\/#primaryimage\"},\"thumbnailUrl\":\"https:\/\/goprint.fi\/wp-content\/uploads\/2021\/06\/clock.svg\",\"datePublished\":\"2022-01-20T06:47:47+00:00\",\"dateModified\":\"2023-12-29T09:34:34+00:00\",\"breadcrumb\":{\"@id\":\"https:\/\/goprint.fi\/special-offers-2\/#breadcrumb\"},\"inLanguage\":\"fi\",\"potentialAction\":[{\"@type\":\"ReadAction\",\"target\":[\"https:\/\/goprint.fi\/special-offers-2\/\"]}]},{\"@type\":\"ImageObject\",\"inLanguage\":\"fi\",\"@id\":\"https:\/\/goprint.fi\/special-offers-2\/#primaryimage\",\"url\":\"https:\/\/goprint.fi\/wp-content\/uploads\/2021\/06\/clock.svg\",\"contentUrl\":\"https:\/\/goprint.fi\/wp-content\/uploads\/2021\/06\/clock.svg\"},{\"@type\":\"BreadcrumbList\",\"@id\":\"https:\/\/goprint.fi\/special-offers-2\/#breadcrumb\",\"itemListElement\":[{\"@type\":\"ListItem\",\"position\":1,\"name\":\"Home\",\"item\":\"https:\/\/goprint.fi\/\"},{\"@type\":\"ListItem\",\"position\":2,\"name\":\"Erikoistarjoukset\"}]},{\"@type\":\"WebSite\",\"@id\":\"https:\/\/goprint.fi\/#website\",\"url\":\"https:\/\/goprint.fi\/\",\"name\":\"GoPrint\",\"description\":\"Arvutage ja tellige prinditeenused otse veebist\",\"potentialAction\":[{\"@type\":\"SearchAction\",\"target\":{\"@type\":\"EntryPoint\",\"urlTemplate\":\"https:\/\/goprint.fi\/?s={search_term_string}\"},\"query-input\":{\"@type\":\"PropertyValueSpecification\",\"valueRequired\":true,\"valueName\":\"search_term_string\"}}],\"inLanguage\":\"fi\"}]}<\/script>\n<!-- \/ Yoast SEO plugin. -->","yoast_head_json":{"title":"Erikoistarjoukset - GoPrint","robots":{"index":"noindex","follow":"follow","max-snippet":"max-snippet:-1","max-image-preview":"max-image-preview:large","max-video-preview":"max-video-preview:-1"},"og_locale":"fi_FI","og_type":"article","og_title":"Erikoistarjoukset - GoPrint","og_description":"\"Erikoistarjous juuri sinulle\"ERIKOISTARJOUKSET 2-3 p\u00e4iv\u00e4ss\u00e4 Koko: 90\u044550 mmPainatus: yksipuolinenPaperi: 300 kpl maksaa 24 euroa Hinta: 300 kpl maksaa 24 euroa Tilaa 2-3 p\u00e4iv\u00e4ss\u00e4 Koko: 148x210 mm (A5)Painatus: YksipuolinenPaperi: 150 g puolimatta Hinta: 500 kpl maksaa 42 euroa Tilaa 1-2 p\u00e4iv\u00e4ss\u00e4 Koko: 850\u0445200 mmPainatus: One-sidedPaperi: roll-up fabric Hinta: 1 kpl maksaa 45 euroa TilaaYKSIL\u00d6LLINEN MUOTOILU, JOKA [&hellip;]","og_url":"https:\/\/goprint.fi\/special-offers-2\/","og_site_name":"GoPrint","article_modified_time":"2023-12-29T09:34:34+00:00","og_image":[{"url":"https:\/\/goprint.fi\/wp-content\/uploads\/2021\/06\/clock.svg","type":"","width":"","height":""}],"twitter_card":"summary_large_image","twitter_misc":{"Arvioitu lukuaika":"3 minuuttia"},"schema":{"@context":"https:\/\/schema.org","@graph":[{"@type":"WebPage","@id":"https:\/\/goprint.fi\/special-offers-2\/","url":"https:\/\/goprint.fi\/special-offers-2\/","name":"Erikoistarjoukset - GoPrint","isPartOf":{"@id":"https:\/\/goprint.fi\/#website"},"primaryImageOfPage":{"@id":"https:\/\/goprint.fi\/special-offers-2\/#primaryimage"},"image":{"@id":"https:\/\/goprint.fi\/special-offers-2\/#primaryimage"},"thumbnailUrl":"https:\/\/goprint.fi\/wp-content\/uploads\/2021\/06\/clock.svg","datePublished":"2022-01-20T06:47:47+00:00","dateModified":"2023-12-29T09:34:34+00:00","breadcrumb":{"@id":"https:\/\/goprint.fi\/special-offers-2\/#breadcrumb"},"inLanguage":"fi","potentialAction":[{"@type":"ReadAction","target":["https:\/\/goprint.fi\/special-offers-2\/"]}]},{"@type":"ImageObject","inLanguage":"fi","@id":"https:\/\/goprint.fi\/special-offers-2\/#primaryimage","url":"https:\/\/goprint.fi\/wp-content\/uploads\/2021\/06\/clock.svg","contentUrl":"https:\/\/goprint.fi\/wp-content\/uploads\/2021\/06\/clock.svg"},{"@type":"BreadcrumbList","@id":"https:\/\/goprint.fi\/special-offers-2\/#breadcrumb","itemListElement":[{"@type":"ListItem","position":1,"name":"Home","item":"https:\/\/goprint.fi\/"},{"@type":"ListItem","position":2,"name":"Erikoistarjoukset"}]},{"@type":"WebSite","@id":"https:\/\/goprint.fi\/#website","url":"https:\/\/goprint.fi\/","name":"GoPrint","description":"Arvutage ja tellige prinditeenused otse veebist","potentialAction":[{"@type":"SearchAction","target":{"@type":"EntryPoint","urlTemplate":"https:\/\/goprint.fi\/?s={search_term_string}"},"query-input":{"@type":"PropertyValueSpecification","valueRequired":true,"valueName":"search_term_string"}}],"inLanguage":"fi"}]}},"_links":{"self":[{"href":"https:\/\/goprint.fi\/fi\/wp-json\/wp\/v2\/pages\/9114","targetHints":{"allow":["GET"]}}],"collection":[{"href":"https:\/\/goprint.fi\/fi\/wp-json\/wp\/v2\/pages"}],"about":[{"href":"https:\/\/goprint.fi\/fi\/wp-json\/wp\/v2\/types\/page"}],"author":[{"embeddable":true,"href":"https:\/\/goprint.fi\/fi\/wp-json\/wp\/v2\/users\/2"}],"replies":[{"embeddable":true,"href":"https:\/\/goprint.fi\/fi\/wp-json\/wp\/v2\/comments?post=9114"}],"version-history":[{"count":6,"href":"https:\/\/goprint.fi\/fi\/wp-json\/wp\/v2\/pages\/9114\/revisions"}],"predecessor-version":[{"id":9124,"href":"https:\/\/goprint.fi\/fi\/wp-json\/wp\/v2\/pages\/9114\/revisions\/9124"}],"wp:attachment":[{"href":"https:\/\/goprint.fi\/fi\/wp-json\/wp\/v2\/media?parent=9114"}],"curies":[{"name":"wp","href":"https:\/\/api.w.org\/{rel}","templated":true}]}}