{"id":8223,"date":"2022-01-20T09:49:19","date_gmt":"2022-01-20T06:49:19","guid":{"rendered":"https:\/\/goprint.fi\/faq\/"},"modified":"2023-10-31T17:23:55","modified_gmt":"2023-10-31T14:23:55","slug":"faq","status":"publish","type":"page","link":"https:\/\/goprint.fi\/fi\/faq\/","title":{"rendered":"FAQ"},"content":{"rendered":"<p>[et_pb_section fb_built=&#8221;1&#8243; _builder_version=&#8221;4.16&#8243; _module_preset=&#8221;default&#8221; collapsed=&#8221;off&#8221; global_colors_info=&#8221;{}&#8221;][et_pb_row _builder_version=&#8221;4.16&#8243; _module_preset=&#8221;default&#8221; custom_margin=&#8221;-18px|auto||auto||&#8221; custom_padding=&#8221;||0px||false|false&#8221; global_colors_info=&#8221;{}&#8221;][et_pb_column type=&#8221;4_4&#8243; _builder_version=&#8221;4.16&#8243; _module_preset=&#8221;default&#8221; global_colors_info=&#8221;{}&#8221;][et_pb_text _builder_version=&#8221;4.16&#8243; _module_preset=&#8221;default&#8221; header_3_font=&#8221;|300|||||||&#8221; header_3_font_size=&#8221;30px&#8221; global_colors_info=&#8221;{}&#8221;]<\/p>\n<h3>USEIN KYSYTYT KYSYMYKSET<\/h3>\n<p>[\/et_pb_text][\/et_pb_column][\/et_pb_row][et_pb_row _builder_version=&#8221;4.16&#8243; _module_preset=&#8221;default&#8221; global_colors_info=&#8221;{}&#8221;][et_pb_column type=&#8221;4_4&#8243; _builder_version=&#8221;4.16&#8243; _module_preset=&#8221;default&#8221; global_colors_info=&#8221;{}&#8221;][et_pb_accordion _builder_version=&#8221;4.20.4&#8243; _module_preset=&#8221;default&#8221; hover_enabled=&#8221;0&#8243; global_colors_info=&#8221;{}&#8221; sticky_enabled=&#8221;0&#8243;][et_pb_accordion_item title=&#8221;Millaisia tuotteita ja palveluita tarjoatte?&#8221; open=&#8221;off&#8221; _builder_version=&#8221;4.16&#8243; _module_preset=&#8221;default&#8221; global_colors_info=&#8221;{}&#8221;]<\/p>\n<blockquote>\n<p>Tarjoamme erilaisia painopalveluita. Tuotevalikoimaamme kuuluvat k\u00e4yntikortit, taitetut esitteet, flyerit, postikortit, julisteet ja Roll-up -telineet. Tarvitsetko jotain, mit\u00e4 sivustollamme ei ole? <span style=\"color: #ef4b00;\">Ota meihin yhteytt\u00e4, niin l\u00f6yd\u00e4mme sinulle parhaan ratkaisun.<\/span><span>\u00a0<\/span><\/p>\n<\/blockquote>\n<p>[\/et_pb_accordion_item][et_pb_accordion_item title=&#8221;Miten tuotteeni painetaan?&#8221; _builder_version=&#8221;4.16&#8243; _module_preset=&#8221;default&#8221; global_colors_info=&#8221;{}&#8221; open=&#8221;off&#8221;]<\/p>\n<p>Luuletko, ett\u00e4 kaikki painotuotteet valmistetaan samalla tavalla? Oikeastaan niin ei ole. Me tarjoamme businessluokan palvelua turistiluokan hintaan. Painatamme kaikki tilaukset Tallinnassa sijaitsevassa pitk\u00e4n kokemuksen omaavassa painotalossamme uusimpia digitaalisia teknologioita ja laadukkaita, parhaiden paperinvalmistajien papereita k\u00e4ytt\u00e4en.<\/p>\n<p>[\/et_pb_accordion_item][et_pb_accordion_item title=&#8221;Miten voin ladata tiedostoni? &#8221; _builder_version=&#8221;4.16&#8243; _module_preset=&#8221;default&#8221; global_colors_info=&#8221;{}&#8221; open=&#8221;off&#8221;]<\/p>\n<p>Jos sinulla on olemassa painotiedosto, pyyd\u00e4mme lataaman sen ennen kuin lis\u00e4\u00e4t tilauksen ostoskoriin. Tiedoston lataamiseen on olemassa erityinen latausnurkka.<\/p>\n<p>[\/et_pb_accordion_item][et_pb_accordion_item title=&#8221;Millainen tiedosto minun pit\u00e4\u00e4 l\u00e4hett\u00e4\u00e4, jotta se sopii painettavaksi?&#8221; _builder_version=&#8221;4.16&#8243; _module_preset=&#8221;default&#8221; global_colors_info=&#8221;{}&#8221; open=&#8221;off&#8221;]<\/p>\n<p>Painettaviksi sopivat parhaiten PDF (Portable Document Format) -tiedostot, joiden pit\u00e4\u00e4 vastata seuraavia vaatimuksia:<br \/>\u2013 Formaatti PDF<br \/>\u2013 Tiedoston resoluutio alkaen 300 DPI<br \/>\u2013 Tiedostossa pit\u00e4\u00e4 olla leikkausvara v\u00e4hint\u00e4\u00e4n 3 mm<br \/>\u2013 Kaikki k\u00e4ytett\u00e4v\u00e4t fontit (tekstit) on mutkattomia<br \/>\u2013 Tiedoston v\u00e4rierottelu mieluummin CMYK<\/p>\n<blockquote>\n<p>Jos sinulla on kysymyksi\u00e4 painotiedostosta, <span style=\"color: #ef4b00;\">ota meihin rohkeasti<\/span> yhteytt\u00e4 apua saadaksesi<\/p>\n<\/blockquote>\n<p>[\/et_pb_accordion_item][et_pb_accordion_item title=&#8221;Miksi paperille painetut v\u00e4rit eroavat niist\u00e4, jotka n\u00e4en tietokoneen n\u00e4yt\u00f6ss\u00e4?&#8221; _builder_version=&#8221;4.16&#8243; _module_preset=&#8221;default&#8221; global_colors_info=&#8221;{}&#8221; open=&#8221;off&#8221;]<\/p>\n<p>N\u00e4yt\u00f6ss\u00e4 n\u00e4emme v\u00e4rit RGB-v\u00e4rij\u00e4rjestelm\u00e4ss\u00e4, mutta painossa k\u00e4ytet\u00e4\u00e4n CMYK-v\u00e4rij\u00e4rjestelm\u00e4\u00e4. Siksi tulos voi paperilla erota siit\u00e4, mit\u00e4 n\u00e4et tietokoneen tai puhelimen n\u00e4yt\u00f6ss\u00e4. Jos tietyn v\u00e4ris\u00e4vyn saavuttaminen on sinulle t\u00e4rke\u00e4\u00e4, suosittelemme painokoetta v\u00e4rien oikeellisuuden varmistamiseksi.<\/p>\n<p>[\/et_pb_accordion_item][et_pb_accordion_item title=&#8221;Haluan tilata painopalvelun, mutta minulla ei ole tiedostoa \u2013 mit\u00e4 tehd\u00e4?&#8221; _builder_version=&#8221;4.16&#8243; _module_preset=&#8221;default&#8221; global_colors_info=&#8221;{}&#8221; open=&#8221;off&#8221;]<\/p>\n<p>Se ei ole ongelma. Ammattitaitoiset muotoilijamme ovat aina valmiit auttamaan, jotta visiosi saisi itselleen ilmaisun painotuotteissa. Muotoilun luomisessa l\u00e4hdemme sinun ajatuksistasi ja toiveistasi, kunnes saavutamme odotetun tuloksen. Muotoilun voit tilata t\u00e4st\u00e4.<\/p>\n<p>[\/et_pb_accordion_item][et_pb_accordion_item title=&#8221;Kauanko tilauksen valmistaminen kest\u00e4\u00e4 tilauksen esitt\u00e4misest\u00e4 lukien?&#8221; _builder_version=&#8221;4.16&#8243; _module_preset=&#8221;default&#8221; global_colors_info=&#8221;{}&#8221; open=&#8221;off&#8221;]<\/p>\n<p>Painotuotteiden (k\u00e4yntikortit, flyerit, postikortit, taitetut esitteet, julisteet) 100-300 kpl m\u00e4\u00e4rin\u00e4 ja enint\u00e4\u00e4n 3 kpl Roll-up -telineen valmistusaika on 2-3 ty\u00f6p\u00e4iv\u00e4\u00e4 tilauksen esitt\u00e4misest\u00e4 lukien. Suurempien tilausten osalta valmistusaika riippuu tilauksen koosta ja my\u00f6s siit\u00e4, oletko tilannut painatuksen lis\u00e4ksi my\u00f6s muotoilun. Teemme aina parhaamme, ett\u00e4 tilauksesi valmistuisi nopeasti ja laadukkaasti.<\/p>\n<p>[\/et_pb_accordion_item][et_pb_accordion_item title=&#8221;Mit\u00e4 tapahtuu tilauksen esitt\u00e4misen j\u00e4lkeen?&#8221; _builder_version=&#8221;4.16&#8243; _module_preset=&#8221;default&#8221; global_colors_info=&#8221;{}&#8221; open=&#8221;off&#8221;]<\/p>\n<p>Kun olet esitt\u00e4nyt tilauksen ja ladannut tiedoston, tarkastamme omalta puoleltamme tiedoston ja ilmoitamme, jos siihen tulee tehd\u00e4 muutoksia. Jos tiedoston osalta kaikki on kunnossa, l\u00e4het\u00e4mme tilauksen heti painettavaksi. Jos tilasit my\u00f6s muotoilupalvelun, tilauksen esitt\u00e4misen j\u00e4lkeen aloitamme muotoilun luomisen ja l\u00e4het\u00e4mme sen sinulle tarkastettavaksi. Muotoilun vahvistamisen j\u00e4lkeen painoprosessi k\u00e4ynnistyy automaattisesti. Ilmoitamme sinulle my\u00f6s s\u00e4hk\u00f6postitse tilauksesi etenemisest\u00e4.<\/p>\n<p>[\/et_pb_accordion_item][et_pb_accordion_item title=&#8221;Voitteko auttaa, jos minulla on kiireellinen tilaus?&#8221; _builder_version=&#8221;4.16&#8243; _module_preset=&#8221;default&#8221; global_colors_info=&#8221;{}&#8221; open=&#8221;off&#8221;]<\/p>\n<p>Jos tilauksella on kiire, ota <span style=\"color: #ef4b00;\">meihin yhteytt\u00e4<\/span>, niin teemme parhaamme, ett\u00e4 tilauksesi valmistuisi nopeasti ja laadukkaasti.<\/p>\n<p>[\/et_pb_accordion_item][et_pb_accordion_item title=&#8221;Miksi Go Printin hinnat ovat kohtuulliset?&#8221; _builder_version=&#8221;4.16&#8243; _module_preset=&#8221;default&#8221; global_colors_info=&#8221;{}&#8221; open=&#8221;off&#8221;]<\/p>\n<p>Go Print on kehitt\u00e4nyt tehokkaan l\u00e4hestymistavan asiakkaiden tarpeiden t\u00e4ytt\u00e4miseksi ja palvelemiseksi. K\u00e4yt\u00e4mme liiketoimintamallia, jossa painotuotteita voi tilata nopeasti ja mukavasti verkkoymp\u00e4rist\u00f6n kautta ja kaikki tilaukset tehd\u00e4\u00e4n omassa painotalossamme, joten meille ei aiheudu kustannuksia ylim\u00e4\u00e4r\u00e4isist\u00e4 toimistotiloista ja v\u00e4lityspalkkioista. Se antaa mahdollisuuden v\u00e4hent\u00e4\u00e4 kustannuksia ja tarjota asiakkaille kohtuuhintaisia palveluita.<\/p>\n<p>[\/et_pb_accordion_item][et_pb_accordion_item title=&#8221;Millaiset maksutavat hyv\u00e4ksytte?&#8221; _builder_version=&#8221;4.16&#8243; _module_preset=&#8221;default&#8221; global_colors_info=&#8221;{}&#8221; open=&#8221;off&#8221;]<\/p>\n<p>\u00a0Hyv\u00e4ksymme luottokortit ja Baltian maiden verkkopankkimaksut ja lis\u00e4ksi on mahdollista maksaa palvelut laskun perusteella. Lasku l\u00e4hetet\u00e4\u00e4n s\u00e4hk\u00f6postiosoitteeseesi automaattisesti tilauksen esitt\u00e4misen j\u00e4lkeen. Jos maksat ulkomailta (Baltian maiden tai EU-vy\u00f6hykkeen ulkopuolelta), rahan saapuminen voi kest\u00e4\u00e4 kauemmin kuin 1-2 ty\u00f6p\u00e4iv\u00e4\u00e4. Siin\u00e4 tapauksessa l\u00e4het\u00e4 tilauksen esitt\u00e4misen j\u00e4lkeen pankistasi maksuvahvistus, jotta voimme heti aloittaa tilauksen t\u00e4ytt\u00e4misen.<\/p>\n<p>[\/et_pb_accordion_item][et_pb_accordion_item title=&#8221;Miten nopea toimitus on?&#8221; _builder_version=&#8221;4.16&#8243; _module_preset=&#8221;default&#8221; global_colors_info=&#8221;{}&#8221; open=&#8221;off&#8221;]<\/p>\n<p>Teemme aina parhaamme, jotta tilauksesi valmistuisi niin nopeasti kuin mahdollista. Sijainnistasi ja toimitustavasta riippuen keskim\u00e4\u00e4r\u00e4inen toimitusaika on 2-3 ty\u00f6p\u00e4iv\u00e4\u00e4.<\/p>\n<p>[\/et_pb_accordion_item][et_pb_accordion_item title=&#8221;Millaisia toimitustapoja tarjoatte?&#8221; _builder_version=&#8221;4.16&#8243; _module_preset=&#8221;default&#8221; global_colors_info=&#8221;{}&#8221; open=&#8221;off&#8221;]<\/p>\n<p><span>Teemme yhteisty\u00f6t\u00e4 eri l\u00e4hettiyritysten ja postipalvelujen kanssa, kuten DPD, OMNIVA ja SMART POST. Valitse itsellesi sopiva toimitustapa tai tule noutamaan tilaus toimistostamme osoitteesta Madara 31, Tallinna, jokaisena ty\u00f6p\u00e4iv\u00e4n\u00e4 kello 10.00 \u2013 17.00.<\/span><\/p>\n<p>[\/et_pb_accordion_item][et_pb_accordion_item title=&#8221;Miten voin muuttaa toimitusosoitetta sen j\u00e4lkeen, kun olen esitt\u00e4nyt tilauksen?&#8221; _builder_version=&#8221;4.16&#8243; _module_preset=&#8221;default&#8221; global_colors_info=&#8221;{}&#8221; open=&#8221;off&#8221;]<\/p>\n<p>Niin kauan kuin tilaus on viel\u00e4 ty\u00f6n alla, voit muuttaa toimitusosoitetta. Kun tilaus on l\u00e4hetetty matkaan, osoitetta ei voi en\u00e4\u00e4 muuttaa.<\/p>\n<p>[\/et_pb_accordion_item][et_pb_accordion_item title=&#8221;Mit\u00e4 tapahtuu, jos tilaukseni my\u00f6h\u00e4styy?&#8221; _builder_version=&#8221;4.16&#8243; _module_preset=&#8221;default&#8221; global_colors_info=&#8221;{}&#8221; open=&#8221;off&#8221;]<\/p>\n<p>M\u00e4\u00e4r\u00e4ajasta riippumatta teemme parhaamme, ett\u00e4 tilauksesi saapuisi sinulle perille oikea-aikaisesti. Jos tilauksesi ei jostain syyst\u00e4 saavu oikeaan aikaan, maksamme kyseisen tilauksen summan ennakkomaksutilillesi ja voit k\u00e4ytt\u00e4\u00e4 sit\u00e4 esitt\u00e4ess\u00e4si seuraavan tilauksen. Suosimamme kumppanit toimittavat tilauksesi perille.<\/p>\n<p>[\/et_pb_accordion_item][et_pb_accordion_item title=&#8221;Minne voitte toimittaa tuotteita?&#8221; _builder_version=&#8221;4.16&#8243; _module_preset=&#8221;default&#8221; global_colors_info=&#8221;{}&#8221; open=&#8221;off&#8221;]<\/p>\n<blockquote><p>Voimme toimittaa tuotteita koko Euroopan unionin alueelle. Jos tarvitset toimituksen muuhun maahan, ole hyv\u00e4 ja <span style=\"color: #ef4b00;\">ota meihin yhteytt\u00e4<\/span>.<span style=\"font-size: 14px;\">\u00a0<\/span><\/p><\/blockquote>\n<p>&nbsp;<\/p>\n<p>[\/et_pb_accordion_item][et_pb_accordion_item title=&#8221;Jos tilaukseni suhteen on jotain v\u00e4\u00e4rin, mit\u00e4 minun pit\u00e4\u00e4 tehd\u00e4?&#8221; _builder_version=&#8221;4.16&#8243; _module_preset=&#8221;default&#8221; global_colors_info=&#8221;{}&#8221; open=&#8221;off&#8221;]<\/p>\n<p>\u00a0Ponnistelemme sen nimiss\u00e4, ett\u00e4 tilauksesi olisi valmistettu korkeiden standardiemme mukaisesti. Mik\u00e4li jokin meni v\u00e4\u00e4rin, ota meihin yhteytt\u00e4 ja selvit\u00e4 ongelma. Teemme parhaamme taataksemme tyytyv\u00e4isyytesi.<\/p>\n<p>[\/et_pb_accordion_item][et_pb_accordion_item title=&#8221;Voinko perua tilaukseni?&#8221; _builder_version=&#8221;4.16&#8243; _module_preset=&#8221;default&#8221; global_colors_info=&#8221;{}&#8221; open=&#8221;off&#8221;]<\/p>\n<p><span>Kun olet esitt\u00e4nyt tilauksen, prosessimme k\u00e4ynnistyy automaattisesti ja koska tilaukset ovat luonteeltaan yksil\u00f6llisi\u00e4, sellaisten tilausten osalta vet\u00e4ytymisoikeutta ei ole eik\u00e4 tilausta voi perua.<\/span><\/p>\n<p>[\/et_pb_accordion_item][et_pb_accordion_item title=&#8221;Jos huomasin tiedostossani virheen, voinko muuttaa tilausta ja l\u00e4hett\u00e4\u00e4 uuden tiedoston?&#8221; _builder_version=&#8221;4.16&#8243; _module_preset=&#8221;default&#8221; global_colors_info=&#8221;{}&#8221; open=&#8221;on&#8221;]<\/p>\n<p>Ole hyv\u00e4 ja tarkasta kaikki tiedostot perusteellisesti ennen l\u00e4hett\u00e4mist\u00e4. Painaessamme me emme vastaa tiedostojen sis\u00e4ll\u00f6st\u00e4 emmek\u00e4 tarkasta tiedostojen oikeinkirjoitusta. Kun tiedosto on mennyt painettavaksi, sit\u00e4 ei voi en\u00e4\u00e4 muuttaa. Jos tilaat meilt\u00e4 muotoilupalvelun, l\u00e4het\u00e4mme ennen painatusta tiedostot ehdottomasti tarkastettaviksi. Samoin pyyd\u00e4mme sellaisessa tapauksessa tarkastamaan tiedostot perusteellisesti. Saatuamme tiedostolle vahvistuksen, emme en\u00e4\u00e4 ota vastaan valituksia tiedoston sis\u00e4ll\u00f6n virheett\u00f6myydest\u00e4.<\/p>\n<p>[\/et_pb_accordion_item][\/et_pb_accordion][\/et_pb_column][\/et_pb_row][\/et_pb_section]<\/p>\n","protected":false},"excerpt":{"rendered":"<p>USEIN KYSYTYT KYSYMYKSET Tarjoamme erilaisia painopalveluita. Tuotevalikoimaamme kuuluvat k\u00e4yntikortit, taitetut esitteet, flyerit, postikortit, julisteet ja Roll-up -telineet. Tarvitsetko jotain, mit\u00e4 sivustollamme ei ole? Ota meihin yhteytt\u00e4, niin l\u00f6yd\u00e4mme sinulle parhaan ratkaisun.\u00a0 Luuletko, ett\u00e4 kaikki painotuotteet valmistetaan samalla tavalla? Oikeastaan niin ei ole. Me tarjoamme businessluokan palvelua turistiluokan hintaan. Painatamme kaikki tilaukset Tallinnassa sijaitsevassa pitk\u00e4n kokemuksen [&hellip;]<\/p>\n","protected":false},"author":1,"featured_media":0,"parent":0,"menu_order":0,"comment_status":"closed","ping_status":"open","template":"","meta":{"_et_pb_use_builder":"on","_et_pb_old_content":"","_et_gb_content_width":"","inline_featured_image":false,"footnotes":""},"class_list":["post-8223","page","type-page","status-publish","hentry"],"yoast_head":"<!-- This site is optimized with the Yoast SEO plugin v24.7 - https:\/\/yoast.com\/wordpress\/plugins\/seo\/ -->\n<title>FAQ - GoPrint<\/title>\n<meta name=\"robots\" content=\"noindex, follow, max-snippet:-1, max-image-preview:large, max-video-preview:-1\" \/>\n<meta property=\"og:locale\" content=\"fi_FI\" \/>\n<meta property=\"og:type\" content=\"article\" \/>\n<meta property=\"og:title\" content=\"FAQ - GoPrint\" \/>\n<meta property=\"og:description\" content=\"USEIN KYSYTYT KYSYMYKSET Tarjoamme erilaisia painopalveluita. Tuotevalikoimaamme kuuluvat k\u00e4yntikortit, taitetut esitteet, flyerit, postikortit, julisteet ja Roll-up -telineet. Tarvitsetko jotain, mit\u00e4 sivustollamme ei ole? Ota meihin yhteytt\u00e4, niin l\u00f6yd\u00e4mme sinulle parhaan ratkaisun.\u00a0 Luuletko, ett\u00e4 kaikki painotuotteet valmistetaan samalla tavalla? Oikeastaan niin ei ole. Me tarjoamme businessluokan palvelua turistiluokan hintaan. Painatamme kaikki tilaukset Tallinnassa sijaitsevassa pitk\u00e4n kokemuksen [&hellip;]\" \/>\n<meta property=\"og:url\" content=\"https:\/\/goprint.fi\/faq\/\" \/>\n<meta property=\"og:site_name\" content=\"GoPrint\" \/>\n<meta property=\"article:modified_time\" content=\"2023-10-31T14:23:55+00:00\" \/>\n<meta name=\"twitter:card\" content=\"summary_large_image\" \/>\n<meta name=\"twitter:label1\" content=\"Arvioitu lukuaika\" \/>\n\t<meta name=\"twitter:data1\" content=\"5 minuuttia\" \/>\n<script type=\"application\/ld+json\" class=\"yoast-schema-graph\">{\"@context\":\"https:\/\/schema.org\",\"@graph\":[{\"@type\":\"WebPage\",\"@id\":\"https:\/\/goprint.fi\/faq\/\",\"url\":\"https:\/\/goprint.fi\/faq\/\",\"name\":\"FAQ - GoPrint\",\"isPartOf\":{\"@id\":\"https:\/\/goprint.fi\/#website\"},\"datePublished\":\"2022-01-20T06:49:19+00:00\",\"dateModified\":\"2023-10-31T14:23:55+00:00\",\"breadcrumb\":{\"@id\":\"https:\/\/goprint.fi\/faq\/#breadcrumb\"},\"inLanguage\":\"fi\",\"potentialAction\":[{\"@type\":\"ReadAction\",\"target\":[\"https:\/\/goprint.fi\/faq\/\"]}]},{\"@type\":\"BreadcrumbList\",\"@id\":\"https:\/\/goprint.fi\/faq\/#breadcrumb\",\"itemListElement\":[{\"@type\":\"ListItem\",\"position\":1,\"name\":\"Home\",\"item\":\"https:\/\/goprint.fi\/\"},{\"@type\":\"ListItem\",\"position\":2,\"name\":\"FAQ\"}]},{\"@type\":\"WebSite\",\"@id\":\"https:\/\/goprint.fi\/#website\",\"url\":\"https:\/\/goprint.fi\/\",\"name\":\"GoPrint\",\"description\":\"Arvutage ja tellige prinditeenused otse veebist\",\"potentialAction\":[{\"@type\":\"SearchAction\",\"target\":{\"@type\":\"EntryPoint\",\"urlTemplate\":\"https:\/\/goprint.fi\/?s={search_term_string}\"},\"query-input\":{\"@type\":\"PropertyValueSpecification\",\"valueRequired\":true,\"valueName\":\"search_term_string\"}}],\"inLanguage\":\"fi\"}]}<\/script>\n<!-- \/ Yoast SEO plugin. -->","yoast_head_json":{"title":"FAQ - GoPrint","robots":{"index":"noindex","follow":"follow","max-snippet":"max-snippet:-1","max-image-preview":"max-image-preview:large","max-video-preview":"max-video-preview:-1"},"og_locale":"fi_FI","og_type":"article","og_title":"FAQ - GoPrint","og_description":"USEIN KYSYTYT KYSYMYKSET Tarjoamme erilaisia painopalveluita. Tuotevalikoimaamme kuuluvat k\u00e4yntikortit, taitetut esitteet, flyerit, postikortit, julisteet ja Roll-up -telineet. Tarvitsetko jotain, mit\u00e4 sivustollamme ei ole? Ota meihin yhteytt\u00e4, niin l\u00f6yd\u00e4mme sinulle parhaan ratkaisun.\u00a0 Luuletko, ett\u00e4 kaikki painotuotteet valmistetaan samalla tavalla? Oikeastaan niin ei ole. Me tarjoamme businessluokan palvelua turistiluokan hintaan. Painatamme kaikki tilaukset Tallinnassa sijaitsevassa pitk\u00e4n kokemuksen [&hellip;]","og_url":"https:\/\/goprint.fi\/faq\/","og_site_name":"GoPrint","article_modified_time":"2023-10-31T14:23:55+00:00","twitter_card":"summary_large_image","twitter_misc":{"Arvioitu lukuaika":"5 minuuttia"},"schema":{"@context":"https:\/\/schema.org","@graph":[{"@type":"WebPage","@id":"https:\/\/goprint.fi\/faq\/","url":"https:\/\/goprint.fi\/faq\/","name":"FAQ - GoPrint","isPartOf":{"@id":"https:\/\/goprint.fi\/#website"},"datePublished":"2022-01-20T06:49:19+00:00","dateModified":"2023-10-31T14:23:55+00:00","breadcrumb":{"@id":"https:\/\/goprint.fi\/faq\/#breadcrumb"},"inLanguage":"fi","potentialAction":[{"@type":"ReadAction","target":["https:\/\/goprint.fi\/faq\/"]}]},{"@type":"BreadcrumbList","@id":"https:\/\/goprint.fi\/faq\/#breadcrumb","itemListElement":[{"@type":"ListItem","position":1,"name":"Home","item":"https:\/\/goprint.fi\/"},{"@type":"ListItem","position":2,"name":"FAQ"}]},{"@type":"WebSite","@id":"https:\/\/goprint.fi\/#website","url":"https:\/\/goprint.fi\/","name":"GoPrint","description":"Arvutage ja tellige prinditeenused otse veebist","potentialAction":[{"@type":"SearchAction","target":{"@type":"EntryPoint","urlTemplate":"https:\/\/goprint.fi\/?s={search_term_string}"},"query-input":{"@type":"PropertyValueSpecification","valueRequired":true,"valueName":"search_term_string"}}],"inLanguage":"fi"}]}},"_links":{"self":[{"href":"https:\/\/goprint.fi\/fi\/wp-json\/wp\/v2\/pages\/8223","targetHints":{"allow":["GET"]}}],"collection":[{"href":"https:\/\/goprint.fi\/fi\/wp-json\/wp\/v2\/pages"}],"about":[{"href":"https:\/\/goprint.fi\/fi\/wp-json\/wp\/v2\/types\/page"}],"author":[{"embeddable":true,"href":"https:\/\/goprint.fi\/fi\/wp-json\/wp\/v2\/users\/1"}],"replies":[{"embeddable":true,"href":"https:\/\/goprint.fi\/fi\/wp-json\/wp\/v2\/comments?post=8223"}],"version-history":[{"count":12,"href":"https:\/\/goprint.fi\/fi\/wp-json\/wp\/v2\/pages\/8223\/revisions"}],"predecessor-version":[{"id":8265,"href":"https:\/\/goprint.fi\/fi\/wp-json\/wp\/v2\/pages\/8223\/revisions\/8265"}],"wp:attachment":[{"href":"https:\/\/goprint.fi\/fi\/wp-json\/wp\/v2\/media?parent=8223"}],"curies":[{"name":"wp","href":"https:\/\/api.w.org\/{rel}","templated":true}]}}