{"id":8203,"date":"2022-03-31T17:56:25","date_gmt":"2022-03-31T14:56:25","guid":{"rendered":"https:\/\/goprint.fi\/about-us\/"},"modified":"2025-06-11T16:46:53","modified_gmt":"2025-06-11T13:46:53","slug":"about-us","status":"publish","type":"page","link":"https:\/\/goprint.fi\/fi\/about-us\/","title":{"rendered":"About us"},"content":{"rendered":"<p>[et_pb_section fb_built=&#8221;1&#8243; admin_label=&#8221;section&#8221; _builder_version=&#8221;4.16&#8243; global_colors_info=&#8221;{}&#8221;][et_pb_row admin_label=&#8221;row&#8221; _builder_version=&#8221;4.16&#8243; background_size=&#8221;initial&#8221; background_position=&#8221;top_left&#8221; background_repeat=&#8221;repeat&#8221; global_colors_info=&#8221;{}&#8221;][et_pb_column type=&#8221;4_4&#8243; _builder_version=&#8221;4.16&#8243; custom_padding=&#8221;|||&#8221; global_colors_info=&#8221;{}&#8221; custom_padding__hover=&#8221;|||&#8221;][et_pb_text admin_label=&#8221;Text&#8221; _builder_version=&#8221;4.16&#8243; header_2_font=&#8221;||||||||&#8221; header_2_text_color=&#8221;#2e4dd4&#8243; header_2_font_size=&#8221;28px&#8221; header_3_font=&#8221;||||||||&#8221; background_size=&#8221;initial&#8221; background_position=&#8221;top_left&#8221; background_repeat=&#8221;repeat&#8221; global_colors_info=&#8221;{}&#8221;]<\/p>\n<h3><span class=\"VIiyi\" lang=\"et\"><span class=\"JLqJ4b ChMk0b\" data-language-for-alternatives=\"et\" data-language-to-translate-into=\"en\" data-phrase-index=\"0\">Go print<\/span><\/span><\/h3>\n<h3><strong style=\"font-size: 14px; color: #2e4765;\">Go Print -painotalo \u2013 nyt osa Printimiskeskus O\u00dc:ta<\/strong><\/h3>\n<div>\n<p><strong>Go Print<\/strong> (aiemmin nimell\u00e4 <em>Taurus Print<\/em>) perustettiin vuonna 1999. Olemme tarjonneet asiakkaillemme luotettavia ja laadukkaita painopalveluita jo 26 vuoden ajan.<\/p>\n<p>Aika tuo muutoksia \u2013 ja niin my\u00f6s me. Olemme ottaneet seuraavan askeleen yhdist\u00e4m\u00e4ll\u00e4 voimamme arvostettujen kollegojemme kanssa <strong>Printimiskeskus<\/strong>-painotalosta.<\/p>\n<p>Olemme nyt osa yrityst\u00e4 Printimiskeskus O\u00dc. T\u00e4m\u00e4n my\u00f6t\u00e4 tarjoamme entist\u00e4 laajemman palveluvalikoiman sek\u00e4 nopeaa ja sujuvaa asiakaspalvelua uudessa toimipisteess\u00e4mme \u2013 Ahtri-katu 12, Tallinna. Sijaintimme on k\u00e4tev\u00e4sti sataman vieress\u00e4, joten jos tulette Tallinnaan, voitte helposti poiketa meill\u00e4.<\/p>\n<h3>Tuotevalikoimaamme kuuluu:<\/h3>\n<ul>\n<li>K\u00e4yntikortit<\/li>\n<li>Esitteet, flyerit, taitetut lehdet ja brosyyrit<\/li>\n<li>Tuotetarrat ja tarrat<\/li>\n<li>Julisteet ja postikortit<\/li>\n<li>Kalenterit<\/li>\n<li>Yrityksen br\u00e4ndituotteet<\/li>\n<li>Itsekopioituvat lomakkeet<\/li>\n<li>Esittelytuotteet (roll-upit, PVC-kyltit, bannerit, ikkuna- ja autoteipit)<\/li>\n<\/ul>\n<p><strong>Uutta!<\/strong> Tarjoamme nyt my\u00f6s <strong>rullatarroja<\/strong>, jotka sopivat erilaisiin pakkauskoneisiin.<\/p>\n<h3>J\u00e4lkik\u00e4sittelypalvelut:<\/h3>\n<ul>\n<li>Stanssaus<\/li>\n<li>Lakkaus ja UV-lakkaus<\/li>\n<li>Laminointi<\/li>\n<li>Rei\u2019itys, nidonta, liimaus<\/li>\n<\/ul>\n<p>Tervetuloa \u2013 autamme mielell\u00e4mme l\u00f6yt\u00e4m\u00e4\u00e4n juuri sinun tarpeisiisi sopivan painoratkaisun!<\/p>\n<\/div>\n<p>[\/et_pb_text][\/et_pb_column][\/et_pb_row][\/et_pb_section]<\/p>\n","protected":false},"excerpt":{"rendered":"<p>Go print Go Print -painotalo \u2013 nyt osa Printimiskeskus O\u00dc:ta Go Print (aiemmin nimell\u00e4 Taurus Print) perustettiin vuonna 1999. Olemme tarjonneet asiakkaillemme luotettavia ja laadukkaita painopalveluita jo 26 vuoden ajan. Aika tuo muutoksia \u2013 ja niin my\u00f6s me. Olemme ottaneet seuraavan askeleen yhdist\u00e4m\u00e4ll\u00e4 voimamme arvostettujen kollegojemme kanssa Printimiskeskus-painotalosta. Olemme nyt osa yrityst\u00e4 Printimiskeskus O\u00dc. T\u00e4m\u00e4n [&hellip;]<\/p>\n","protected":false},"author":2,"featured_media":0,"parent":0,"menu_order":0,"comment_status":"closed","ping_status":"open","template":"","meta":{"_et_pb_use_builder":"on","_et_pb_old_content":"","_et_gb_content_width":"","inline_featured_image":false,"footnotes":""},"class_list":["post-8203","page","type-page","status-publish","hentry"],"yoast_head":"<!-- This site is optimized with the Yoast SEO plugin v24.7 - https:\/\/yoast.com\/wordpress\/plugins\/seo\/ -->\n<title>About us - GoPrint<\/title>\n<meta name=\"robots\" content=\"noindex, follow, max-snippet:-1, max-image-preview:large, max-video-preview:-1\" \/>\n<meta property=\"og:locale\" content=\"fi_FI\" \/>\n<meta property=\"og:type\" content=\"article\" \/>\n<meta property=\"og:title\" content=\"About us - GoPrint\" \/>\n<meta property=\"og:description\" content=\"Go print Go Print -painotalo \u2013 nyt osa Printimiskeskus O\u00dc:ta Go Print (aiemmin nimell\u00e4 Taurus Print) perustettiin vuonna 1999. Olemme tarjonneet asiakkaillemme luotettavia ja laadukkaita painopalveluita jo 26 vuoden ajan. Aika tuo muutoksia \u2013 ja niin my\u00f6s me. Olemme ottaneet seuraavan askeleen yhdist\u00e4m\u00e4ll\u00e4 voimamme arvostettujen kollegojemme kanssa Printimiskeskus-painotalosta. Olemme nyt osa yrityst\u00e4 Printimiskeskus O\u00dc. T\u00e4m\u00e4n [&hellip;]\" \/>\n<meta property=\"og:url\" content=\"https:\/\/goprint.fi\/about-us\/\" \/>\n<meta property=\"og:site_name\" content=\"GoPrint\" \/>\n<meta property=\"article:modified_time\" content=\"2025-06-11T13:46:53+00:00\" \/>\n<meta name=\"twitter:card\" content=\"summary_large_image\" \/>\n<meta name=\"twitter:label1\" content=\"Arvioitu lukuaika\" \/>\n\t<meta name=\"twitter:data1\" content=\"1 minuutti\" \/>\n<script type=\"application\/ld+json\" class=\"yoast-schema-graph\">{\"@context\":\"https:\/\/schema.org\",\"@graph\":[{\"@type\":\"WebPage\",\"@id\":\"https:\/\/goprint.fi\/about-us\/\",\"url\":\"https:\/\/goprint.fi\/about-us\/\",\"name\":\"About us - GoPrint\",\"isPartOf\":{\"@id\":\"https:\/\/goprint.fi\/#website\"},\"datePublished\":\"2022-03-31T14:56:25+00:00\",\"dateModified\":\"2025-06-11T13:46:53+00:00\",\"breadcrumb\":{\"@id\":\"https:\/\/goprint.fi\/about-us\/#breadcrumb\"},\"inLanguage\":\"fi\",\"potentialAction\":[{\"@type\":\"ReadAction\",\"target\":[\"https:\/\/goprint.fi\/about-us\/\"]}]},{\"@type\":\"BreadcrumbList\",\"@id\":\"https:\/\/goprint.fi\/about-us\/#breadcrumb\",\"itemListElement\":[{\"@type\":\"ListItem\",\"position\":1,\"name\":\"Home\",\"item\":\"https:\/\/goprint.fi\/\"},{\"@type\":\"ListItem\",\"position\":2,\"name\":\"About us\"}]},{\"@type\":\"WebSite\",\"@id\":\"https:\/\/goprint.fi\/#website\",\"url\":\"https:\/\/goprint.fi\/\",\"name\":\"GoPrint\",\"description\":\"Arvutage ja tellige prinditeenused otse veebist\",\"potentialAction\":[{\"@type\":\"SearchAction\",\"target\":{\"@type\":\"EntryPoint\",\"urlTemplate\":\"https:\/\/goprint.fi\/?s={search_term_string}\"},\"query-input\":{\"@type\":\"PropertyValueSpecification\",\"valueRequired\":true,\"valueName\":\"search_term_string\"}}],\"inLanguage\":\"fi\"}]}<\/script>\n<!-- \/ Yoast SEO plugin. -->","yoast_head_json":{"title":"About us - GoPrint","robots":{"index":"noindex","follow":"follow","max-snippet":"max-snippet:-1","max-image-preview":"max-image-preview:large","max-video-preview":"max-video-preview:-1"},"og_locale":"fi_FI","og_type":"article","og_title":"About us - GoPrint","og_description":"Go print Go Print -painotalo \u2013 nyt osa Printimiskeskus O\u00dc:ta Go Print (aiemmin nimell\u00e4 Taurus Print) perustettiin vuonna 1999. Olemme tarjonneet asiakkaillemme luotettavia ja laadukkaita painopalveluita jo 26 vuoden ajan. Aika tuo muutoksia \u2013 ja niin my\u00f6s me. Olemme ottaneet seuraavan askeleen yhdist\u00e4m\u00e4ll\u00e4 voimamme arvostettujen kollegojemme kanssa Printimiskeskus-painotalosta. Olemme nyt osa yrityst\u00e4 Printimiskeskus O\u00dc. T\u00e4m\u00e4n [&hellip;]","og_url":"https:\/\/goprint.fi\/about-us\/","og_site_name":"GoPrint","article_modified_time":"2025-06-11T13:46:53+00:00","twitter_card":"summary_large_image","twitter_misc":{"Arvioitu lukuaika":"1 minuutti"},"schema":{"@context":"https:\/\/schema.org","@graph":[{"@type":"WebPage","@id":"https:\/\/goprint.fi\/about-us\/","url":"https:\/\/goprint.fi\/about-us\/","name":"About us - GoPrint","isPartOf":{"@id":"https:\/\/goprint.fi\/#website"},"datePublished":"2022-03-31T14:56:25+00:00","dateModified":"2025-06-11T13:46:53+00:00","breadcrumb":{"@id":"https:\/\/goprint.fi\/about-us\/#breadcrumb"},"inLanguage":"fi","potentialAction":[{"@type":"ReadAction","target":["https:\/\/goprint.fi\/about-us\/"]}]},{"@type":"BreadcrumbList","@id":"https:\/\/goprint.fi\/about-us\/#breadcrumb","itemListElement":[{"@type":"ListItem","position":1,"name":"Home","item":"https:\/\/goprint.fi\/"},{"@type":"ListItem","position":2,"name":"About us"}]},{"@type":"WebSite","@id":"https:\/\/goprint.fi\/#website","url":"https:\/\/goprint.fi\/","name":"GoPrint","description":"Arvutage ja tellige prinditeenused otse veebist","potentialAction":[{"@type":"SearchAction","target":{"@type":"EntryPoint","urlTemplate":"https:\/\/goprint.fi\/?s={search_term_string}"},"query-input":{"@type":"PropertyValueSpecification","valueRequired":true,"valueName":"search_term_string"}}],"inLanguage":"fi"}]}},"_links":{"self":[{"href":"https:\/\/goprint.fi\/fi\/wp-json\/wp\/v2\/pages\/8203","targetHints":{"allow":["GET"]}}],"collection":[{"href":"https:\/\/goprint.fi\/fi\/wp-json\/wp\/v2\/pages"}],"about":[{"href":"https:\/\/goprint.fi\/fi\/wp-json\/wp\/v2\/types\/page"}],"author":[{"embeddable":true,"href":"https:\/\/goprint.fi\/fi\/wp-json\/wp\/v2\/users\/2"}],"replies":[{"embeddable":true,"href":"https:\/\/goprint.fi\/fi\/wp-json\/wp\/v2\/comments?post=8203"}],"version-history":[{"count":4,"href":"https:\/\/goprint.fi\/fi\/wp-json\/wp\/v2\/pages\/8203\/revisions"}],"predecessor-version":[{"id":9662,"href":"https:\/\/goprint.fi\/fi\/wp-json\/wp\/v2\/pages\/8203\/revisions\/9662"}],"wp:attachment":[{"href":"https:\/\/goprint.fi\/fi\/wp-json\/wp\/v2\/media?parent=8203"}],"curies":[{"name":"wp","href":"https:\/\/api.w.org\/{rel}","templated":true}]}}